{"id":26378,"date":"2016-08-11T12:44:12","date_gmt":"2016-08-11T10:44:12","guid":{"rendered":"https:\/\/bjerregaardcamping.dk\/cookie-und-datenschutzrichtlinie\/"},"modified":"2025-04-11T09:55:01","modified_gmt":"2025-04-11T07:55:01","slug":"cookie-og-privatlivspolitik","status":"publish","type":"page","link":"https:\/\/bjerregaardcamping.dk\/de\/cookie-og-privatlivspolitik\/","title":{"rendered":"Cookie- und Datenschutzrichtlinie"},"content":{"rendered":"\t\t<div data-elementor-type=\"wp-page\" data-elementor-id=\"26378\" class=\"elementor elementor-26378\" data-elementor-post-type=\"page\">\n\t\t\t\t<div class=\"elementor-element elementor-element-4c8ab30 e-flex e-con-boxed e-con e-parent\" data-id=\"4c8ab30\" data-element_type=\"container\" data-e-type=\"container\" data-settings=\"{&quot;background_background&quot;:&quot;classic&quot;}\">\n\t\t\t\t\t<div class=\"e-con-inner\">\n\t\t<div class=\"elementor-element elementor-element-4ac8ee2 e-con-full e-flex e-con e-child\" data-id=\"4ac8ee2\" data-element_type=\"container\" data-e-type=\"container\">\n\t\t\t\t<div class=\"elementor-element elementor-element-786b098 elementor-widget__width-inherit elementor-widget elementor-widget-heading\" data-id=\"786b098\" data-element_type=\"widget\" data-e-type=\"widget\" data-widget_type=\"heading.default\">\n\t\t\t\t<div class=\"elementor-widget-container\">\n\t\t\t\t\t<h2 class=\"elementor-heading-title elementor-size-default\">Keks<\/h2>\t\t\t\t<\/div>\n\t\t\t\t<\/div>\n\t\t\t\t<\/div>\n\t\t\t\t\t<\/div>\n\t\t\t\t<\/div>\n\t\t<div class=\"elementor-element elementor-element-0bc1692 e-flex e-con-boxed e-con e-parent\" data-id=\"0bc1692\" data-element_type=\"container\" data-e-type=\"container\">\n\t\t\t\t\t<div class=\"e-con-inner\">\n\t\t\t\t<div class=\"elementor-element elementor-element-baa724c elementor-widget elementor-widget-text-editor\" data-id=\"baa724c\" data-element_type=\"widget\" data-e-type=\"widget\" data-widget_type=\"text-editor.default\">\n\t\t\t\t<div class=\"elementor-widget-container\">\n\t\t\t\t\t\t\t\t\t<h1>  Cookie- und Datenschutzrichtlinie<\/h1><p><strong>Bjerregaard Camping<\/strong> sammelt Statistiken mit Hilfe von Cookies. Wenn Sie sich daf\u00fcr entscheiden, Cookies nicht zu deaktivieren, betrachtet <strong>Bjerregaard Camping<\/strong> dies als Ihre Zustimmung zu unserer Verwendung von Cookies <\/p><h2>Informationen zum Eigent\u00fcmer<\/h2><p><strong>Bjerregaard Camping<\/strong><br>S\u00f8nder Klitvej 185<br>6960 6960 Hvide Sande<br> Telefon: +45 97315044<br>E-Mail: info@bjerregaardcamping.dk<\/p><hr><h2>Was sind Cookies?<\/h2><p>Ein Cookie ist eine kleine Textdatei, die auf Ihrem Computer oder \u00e4hnlichem gespeichert wird, um ihn wiederzuerkennen. In unseren Cookies werden keine pers\u00f6nlichen Informationen gespeichert und sie k\u00f6nnen keine Viren enthalten. <\/p><p>Wenn Sie unsere Websites besuchen, erhalten Sie automatisch ein oder mehrere Cookies.<\/p><h3>L\u00f6schen oder Blockieren von Cookies<\/h3><p><a href=\"http:\/\/minecookies.org\/cookiehandtering\" target=\"_blank\" rel=\"noopener\">http:\/\/minecookies.org\/cookiehandtering<\/a><\/p><h3>Wie lange Cookies gespeichert werden<\/h3><p>Die Lebensdauer des Cookies kann variieren, je nachdem, wie der jeweilige Anbieter es eingestellt hat. Einige Cookies verschwinden, sobald Sie das Browserfenster schlie\u00dfen, andere k\u00f6nnen mehrere Jahre lang bestehen. Viele Anbieter verwenden in der Regel eine Lebensdauer von 12 oder 24 Monaten f\u00fcr ihre werbe-, statistik- und inhaltsbezogenen Cookies. Beachten Sie, dass die Lebensdauer nach jedem Besuch verl\u00e4ngert wird, so dass die Cookies beispielsweise 24 Monate nach dem letzten Besuch einer Website auf Ihrem Computer gespeichert werden.   <\/p><p><strong>Sie k\u00f6nnen Cookies auf Ihrem Computer jederzeit l\u00f6schen.<\/strong><\/p><h3>Wie Sie Cookies vermeiden und l\u00f6schen k\u00f6nnen<\/h3><p>Wenn Sie nicht m\u00f6chten, dass Cookies auf Ihrem Computer gespeichert werden, k\u00f6nnen Sie eine Anleitung erhalten, wie Sie den Empfang von Cookies vermeiden und diese ganz oder teilweise von Ihrer Festplatte l\u00f6schen k\u00f6nnen.<\/p><p>Wie Sie Ihre Cookies l\u00f6schen k\u00f6nnen:<\/p><ul><li><a title=\"Cookies im Internet Explorer l\u00f6schen\" href=\"http:\/\/support.microsoft.com\/kb\/278835\"><strong>Cookies im Internet Explorer l\u00f6schen<\/strong><\/a><\/li><li><a title=\"Cookies in Mozilla Firefox l\u00f6schen\" href=\"http:\/\/support.mozilla.org\/da\/kb\/Deleting%20cookies\"><strong>Cookies in Mozilla Firefox l\u00f6schen<\/strong><\/a><\/li><li><a title=\"Cookies in Google Chrome l\u00f6schen\" href=\"https:\/\/support.google.com\/chrome\/bin\/answer.py?hl=da&amp;answer=95647\"><strong>Cookies in Google Chrome l\u00f6schen<\/strong><\/a><\/li><li><a title=\"Cookies in Safari l\u00f6schen\" href=\"http:\/\/support.apple.com\/kb\/PH5049\"><strong>Cookies in Safari l\u00f6schen<\/strong><\/a><\/li><li><a title=\"Cookies in Opera l\u00f6schen\" href=\"http:\/\/help.opera.com\/Mac\/11.60\/en\/cookies.html\"><strong>Cookies in Opera l\u00f6schen<\/strong><\/a><\/li><li><strong><a title=\"So l\u00f6schen Sie Cookies auf dem iPad, iPhone oder iPod Touch\" href=\"http:\/\/support.apple.com\/kb\/HT1677?viewlocale=da_DK&amp;locale=da_DK\">Cookies auf iPad, iPhone oder iPod touch l\u00f6schen<\/a><\/strong><\/li><li><a title=\"Cookies auf dem Android-Handy l\u00f6schen\" href=\"http:\/\/timeread.hubpages.com\/hub\/How-to-delete-internet-cookies-on-your-Droid-or-any-Android-device\"><strong>Cookies auf Android-Handy l\u00f6schen<\/strong><\/a> (auf Englisch)<\/li><li><a title=\"Cookies auf Windows Phone 7 l\u00f6schen\" href=\"http:\/\/www.wingadgetnews.com\/delete-internet-cookies-cache-browsing-history-windows-phone-7\/\"><strong>Cookies auf Windos Phone 7 l\u00f6schen<\/strong><\/a> (auf Englisch)<\/li><li><a title=\"Flash-Cookies l\u00f6schen\" href=\"http:\/\/www.macromedia.com\/support\/documentation\/en\/flashplayer\/help\/settings_manager07.html\"><strong>Flash-Cookies l\u00f6schen<\/strong><\/a> (gilt f\u00fcr alle Browser)<\/li><\/ul><p>Wenn Sie einen Browser verwenden, der oben nicht aufgef\u00fchrt ist, finden Sie Anweisungen im Hilfebereich des jeweiligen Browsers.<\/p><h3>Zweck der Cookies auf unserer Website:<\/h3><ul><li style=\"list-style-type: none;\"><ul><!--<\/p>\n<li>Teknisk funktionalitet, s\u00e5 vi kan huske dine indstillinger.<\/li>\n<p>--><li>Traffic-Messung, damit wir wissen, wie viele Menschen unsere Website besuchen und dies gegen\u00fcber Werbekunden dokumentieren k\u00f6nnen.<br>Wir verwenden das Analysetool Google Analytics, um Statistiken \u00fcber das Verhalten der Nutzer auf unserer Website zu erstellen. Google Analytics verarbeitet die Informationen in unserem Auftrag und gibt keine pers\u00f6nlich identifizierbaren Informationen \u00fcber Sie und Ihr Verhalten auf unserer Website an Dritte weiter. Alle Daten sind anonymisiert und k\u00f6nnen nicht mit einem einzelnen Nutzer in Verbindung gebracht werden.<br>Wenn Sie Cookies speziell von Google Analytics ablehnen m\u00f6chten, k\u00f6nnen Sie dies hier tun: <a href=\"https:\/\/tools.google.com\/dlpage\/gaoptout\">https:\/\/tools.google.com\/dlpage\/gaoptout<\/a>  <\/li><\/ul><\/li><\/ul><p><!--<\/p>\n<li>M\u00e5lretning af annoncering, s\u00e5 vi kan vise dig de annoncer vi tror er mest relevante og hvor ofte den samme annonce vises.<\/li>\n<p>--><\/p><p>Die Website verwendet Cookies von folgenden Drittanbietern, die Zugang zu den betreffenden Cookies haben:<\/p><p><!--<\/p>\n<h4>Gemius webstatistik<\/h4>\n<p>Websites anvender cookies fra Gemius, der registrerer internetbrug p\u00e5 markedsniveau og p\u00e5 tv\u00e6rs af forskellige websites. M\u00e5lingen overholder al lovgivning p\u00e5 omr\u00e5det herunder persondataloven, ICC\/ESOMAR International Code of Marketing and Social Research Practice, og videregiver ikke oplysninger om de enkelte personers internetadf\u00e6rd men kun i samlet form. Se f.eks. fdim.dk\/statistik<\/p>\n<p>Gemius registrerer ikke personoplysninger, med mindre du selv udtrykkeligt giver tilladelse hertil, hvilket f.eks. sker i forbindelse med udfyldelse af sp\u00f8rgeskemaer.<\/p>\n<p>Du kan frav\u00e6lge at indg\u00e5 i Gemius m\u00e5lingen her: <a href=\"http:\/\/optout.hit.gemius.pl\/removeDK.php\" target=\"_blank\" rel=\"noopener\">http:\/\/optout.hit.gemius.pl\/removeDK.php<\/a><\/p>\n<p>Den dataansvarlige i forbindelse med Gemius cookies er Danske Medier Research, Skindergade 7, 1159 K\u00f8benhavn K. Databehandleren er Gemius S.A., Woloska 7, 02-675 Warszawa, Polen. Gemius Denmark ApS har adresse p\u00e5 Dampf\u00e6rgevej 3 st. th., 2100 K\u00f8benhavn \u00d8. Hvis du har sp\u00f8rgsm\u00e5l til behandlingen af oplysninger og data eller \u00f8nsker at udnytte dine rettigheder, kan du rette henvendelse til Gemius Denmark ApS.<\/p>\n<p>--><\/p><h4>Google Analytics<\/h4><p>Die Website verwendet Cookies von Google Analytics, um den Websiteverkehr zu messen.<\/p><p>Sie k\u00f6nnen die Cookies von Google Analytics hier deaktivieren: <a href=\"http:\/\/tools.google.com\/dlpage\/gaoptout\" target=\"_blank\" rel=\"noopener\">http:\/\/tools.google.com\/dlpage\/gaoptout<\/a><\/p><p><!--<\/p>\n<h4>Annoncenetv\u00e6rk<\/h4>\n<p>Websitet anvender f\u00f8lgende annoncenetv\u00e6rk:<\/p>\n<ul>\n<li>[INDS\u00c6T LISTE OVER ANNONCENETV\u00c6RK]<\/li>\n<\/ul>\n<p>--><\/p><h4>Verwendung von personenbezogenen Daten<\/h4><p>Personenbezogene Daten werden niemals an Dritte weitergegeben, es sei denn, Sie stimmen dem ausdr\u00fccklich zu, und wir sammeln niemals personenbezogene Daten, es sei denn, Sie haben uns diese Informationen selbst durch eine Registrierung, einen Kauf oder die Teilnahme an einer Umfrage usw. gegeben. Wir sammeln Informationen \u00fcber Name, Adresse, Postleitzahl, E-Mail, Geschlecht, Alter, Interessen, Meinungen und Kenntnisse zu verschiedenen Themen.<\/p><p>Personenbezogene Daten werden verwendet, um den Kauf oder die Dienstleistung, f\u00fcr die die Daten erhoben wurden, zu erf\u00fcllen. Die Informationen werden auch verwendet, um mehr \u00fcber Sie und andere Nutzer der Website zu erfahren. Diese Verwendung kann Studien und Analysen umfassen, die der Verbesserung unserer Produkte, Dienstleistungen und Technologien dienen, sowie die Anzeige von Inhalten und Werbung, die auf Ihre Interessen und Hobbys zugeschnitten sind.  <\/p><h5>Kontakt f\u00fcr pers\u00f6nliche Daten<\/h5><p>Wenn Sie die \u00fcber Sie bei <strong>Bjerregaard Camping<\/strong> gespeicherten Daten einsehen m\u00f6chten, wenden Sie sich bitte an info@bjerregaardcamping.dk oder an die Telefonnummer +45 97315044. Wenn unrichtige Daten registriert wurden oder wenn Sie andere Einw\u00e4nde haben, k\u00f6nnen Sie sich an dieselbe Stelle wenden. Sie haben die M\u00f6glichkeit, Einsicht in die \u00fcber Sie gespeicherten Daten zu nehmen, und Sie k\u00f6nnen gem\u00e4\u00df den Bestimmungen des Gesetzes \u00fcber personenbezogene Daten Einspruch gegen die Speicherung erheben.  <\/p><h5>Schutz personenbezogener Daten<\/h5><p>Nach dem Gesetz \u00fcber personenbezogene Daten m\u00fcssen Ihre pers\u00f6nlichen Daten sicher und vertraulich behandelt werden. Wir speichern Ihre personenbezogenen Daten auf Computern mit eingeschr\u00e4nktem Zugang, die sich in kontrollierten Einrichtungen befinden, und unsere Sicherheitsma\u00dfnahmen werden st\u00e4ndig \u00fcberwacht, um festzustellen, ob unsere Nutzerdaten sicher gehandhabt werden, w\u00e4hrend wir gleichzeitig Ihre Rechte als Nutzer respektieren. Wir k\u00f6nnen jedoch keine 100-prozentige Sicherheit f\u00fcr Daten\u00fcbertragungen \u00fcber das Internet garantieren. Das bedeutet, dass bei der elektronischen \u00dcbermittlung und Speicherung von Daten das Risiko eines unbefugten Zugriffs auf Informationen bestehen kann. Die Angabe Ihrer pers\u00f6nlichen Daten erfolgt daher auf Ihr eigenes Risiko.    <\/p><p>Aufgrund der rasanten Entwicklung des Internets k\u00f6nnen \u00c4nderungen bei der Verarbeitung personenbezogener Daten erforderlich werden. Wir behalten uns daher das Recht vor, diese Richtlinien f\u00fcr die Verarbeitung personenbezogener Daten zu aktualisieren und zu \u00e4ndern. <\/p><p>Wenn dies der Fall ist, werden wir selbstverst\u00e4ndlich das Datum der letzten Aktualisierung am Ende der Seite korrigieren. Bei wesentlichen \u00c4nderungen werden wir Sie in Form eines sichtbaren Hinweises auf unseren Websites informieren. <\/p><p>Soweit personenbezogene Daten \u00fcber Sie verarbeitet werden, haben Sie nach dem Gesetz \u00fcber personenbezogene Daten das Recht, dar\u00fcber informiert zu werden, welche personenbezogenen Daten Ihnen zugeordnet werden k\u00f6nnen. Stellt sich heraus, dass die \u00fcber Sie verarbeiteten Informationen oder Daten unrichtig oder irref\u00fchrend sind, haben Sie das Recht, deren Berichtigung, L\u00f6schung oder Sperrung zu verlangen. Sie k\u00f6nnen jederzeit der Verarbeitung der Sie betreffenden Daten widersprechen. Sie k\u00f6nnen auch jederzeit Ihre Einwilligung widerrufen. Sie haben das Recht, sich \u00fcber die Verarbeitung der Sie betreffenden Informationen und Daten zu beschweren. Beschwerden werden bei der d\u00e4nischen Datenschutzbeh\u00f6rde eingereicht, vgl. \u00a7 58 Absatz 1 des Gesetzes \u00fcber personenbezogene Daten.     <\/p>\t\t\t\t\t\t\t\t<\/div>\n\t\t\t\t<\/div>\n\t\t\t\t\t<\/div>\n\t\t\t\t<\/div>\n\t\t\t\t<\/div>\n\t\t","protected":false},"excerpt":{"rendered":"<p>Cookie- und Datenschutzrichtlinie<\/p>\n","protected":false},"author":2,"featured_media":0,"parent":0,"menu_order":0,"comment_status":"closed","ping_status":"closed","template":"","meta":{"site-sidebar-layout":"default","site-content-layout":"","ast-site-content-layout":"default","site-content-style":"default","site-sidebar-style":"default","ast-global-header-display":"","ast-banner-title-visibility":"","ast-main-header-display":"","ast-hfb-above-header-display":"","ast-hfb-below-header-display":"","ast-hfb-mobile-header-display":"","site-post-title":"","ast-breadcrumbs-content":"","ast-featured-img":"","footer-sml-layout":"","ast-disable-related-posts":"","theme-transparent-header-meta":"","adv-header-id-meta":"","stick-header-meta":"","header-above-stick-meta":"","header-main-stick-meta":"","header-below-stick-meta":"","astra-migrate-meta-layouts":"default","ast-page-background-enabled":"default","ast-page-background-meta":{"desktop":{"background-color":"var(--ast-global-color-5)","background-image":"","background-repeat":"repeat","background-position":"center center","background-size":"auto","background-attachment":"scroll","background-type":"","background-media":"","overlay-type":"","overlay-color":"","overlay-opacity":"","overlay-gradient":""},"tablet":{"background-color":"","background-image":"","background-repeat":"repeat","background-position":"center center","background-size":"auto","background-attachment":"scroll","background-type":"","background-media":"","overlay-type":"","overlay-color":"","overlay-opacity":"","overlay-gradient":""},"mobile":{"background-color":"","background-image":"","background-repeat":"repeat","background-position":"center center","background-size":"auto","background-attachment":"scroll","background-type":"","background-media":"","overlay-type":"","overlay-color":"","overlay-opacity":"","overlay-gradient":""}},"ast-content-background-meta":{"desktop":{"background-color":"var(--ast-global-color-4)","background-image":"","background-repeat":"repeat","background-position":"center center","background-size":"auto","background-attachment":"scroll","background-type":"","background-media":"","overlay-type":"","overlay-color":"","overlay-opacity":"","overlay-gradient":""},"tablet":{"background-color":"var(--ast-global-color-4)","background-image":"","background-repeat":"repeat","background-position":"center center","background-size":"auto","background-attachment":"scroll","background-type":"","background-media":"","overlay-type":"","overlay-color":"","overlay-opacity":"","overlay-gradient":""},"mobile":{"background-color":"var(--ast-global-color-4)","background-image":"","background-repeat":"repeat","background-position":"center center","background-size":"auto","background-attachment":"scroll","background-type":"","background-media":"","overlay-type":"","overlay-color":"","overlay-opacity":"","overlay-gradient":""}},"footnotes":""},"class_list":["post-26378","page","type-page","status-publish","hentry"],"yoast_head":"<!-- This site is optimized with the Yoast SEO plugin v27.3 - https:\/\/yoast.com\/product\/yoast-seo-wordpress\/ -->\n<title>Cookie- und Datenschutzrichtlinie | Bjerregaard Camping<\/title>\n<meta name=\"description\" content=\"Cookie- und Datenschutzrichtlinie - Hier k\u00f6nnen Sie nachlesen, wie wir Ihre pers\u00f6nlichen Daten verarbeiten und wie wir Cookies verwenden.\" \/>\n<meta name=\"robots\" content=\"index, follow, max-snippet:-1, max-image-preview:large, max-video-preview:-1\" \/>\n<link rel=\"canonical\" href=\"https:\/\/bjerregaardcamping.dk\/de\/cookie-og-privatlivspolitik\/\" \/>\n<meta property=\"og:locale\" content=\"de_DE\" \/>\n<meta property=\"og:type\" content=\"article\" \/>\n<meta property=\"og:title\" content=\"Cookie- und Datenschutzrichtlinie | Bjerregaard Camping\" \/>\n<meta property=\"og:description\" content=\"Cookie- und Datenschutzrichtlinie - Hier k\u00f6nnen Sie nachlesen, wie wir Ihre pers\u00f6nlichen Daten verarbeiten und wie wir Cookies verwenden.\" \/>\n<meta property=\"og:url\" content=\"https:\/\/bjerregaardcamping.dk\/de\/cookie-og-privatlivspolitik\/\" \/>\n<meta property=\"og:site_name\" content=\"Bjerregaard Camping\" \/>\n<meta property=\"article:publisher\" content=\"https:\/\/www.facebook.com\/Bjerregaardcamping\/\" \/>\n<meta property=\"article:modified_time\" content=\"2025-04-11T07:55:01+00:00\" \/>\n<meta name=\"twitter:card\" content=\"summary_large_image\" \/>\n<meta name=\"twitter:label1\" content=\"Gesch\u00e4tzte Lesezeit\" \/>\n\t<meta name=\"twitter:data1\" content=\"5\u00a0Minuten\" \/>\n<script type=\"application\/ld+json\" class=\"yoast-schema-graph\">{\"@context\":\"https:\\\/\\\/schema.org\",\"@graph\":[{\"@type\":\"WebPage\",\"@id\":\"https:\\\/\\\/bjerregaardcamping.dk\\\/de\\\/cookie-og-privatlivspolitik\\\/\",\"url\":\"https:\\\/\\\/bjerregaardcamping.dk\\\/de\\\/cookie-og-privatlivspolitik\\\/\",\"name\":\"Cookie- und Datenschutzrichtlinie | Bjerregaard Camping\",\"isPartOf\":{\"@id\":\"https:\\\/\\\/bjerregaardcamping.dk\\\/de\\\/#website\"},\"datePublished\":\"2016-08-11T10:44:12+00:00\",\"dateModified\":\"2025-04-11T07:55:01+00:00\",\"description\":\"Cookie- und Datenschutzrichtlinie - Hier k\u00f6nnen Sie nachlesen, wie wir Ihre pers\u00f6nlichen Daten verarbeiten und wie wir Cookies verwenden.\",\"breadcrumb\":{\"@id\":\"https:\\\/\\\/bjerregaardcamping.dk\\\/de\\\/cookie-og-privatlivspolitik\\\/#breadcrumb\"},\"inLanguage\":\"de\",\"potentialAction\":[{\"@type\":\"ReadAction\",\"target\":[\"https:\\\/\\\/bjerregaardcamping.dk\\\/de\\\/cookie-og-privatlivspolitik\\\/\"]}]},{\"@type\":\"BreadcrumbList\",\"@id\":\"https:\\\/\\\/bjerregaardcamping.dk\\\/de\\\/cookie-og-privatlivspolitik\\\/#breadcrumb\",\"itemListElement\":[{\"@type\":\"ListItem\",\"position\":1,\"name\":\"Hjem\",\"item\":\"https:\\\/\\\/bjerregaardcamping.dk\\\/de\\\/forside-2\\\/\"},{\"@type\":\"ListItem\",\"position\":2,\"name\":\"Cookie- und Datenschutzrichtlinie\"}]},{\"@type\":\"WebSite\",\"@id\":\"https:\\\/\\\/bjerregaardcamping.dk\\\/de\\\/#website\",\"url\":\"https:\\\/\\\/bjerregaardcamping.dk\\\/de\\\/\",\"name\":\"Bjerregaard Camping\",\"description\":\"Camping mellem hav og fjord\",\"potentialAction\":[{\"@type\":\"SearchAction\",\"target\":{\"@type\":\"EntryPoint\",\"urlTemplate\":\"https:\\\/\\\/bjerregaardcamping.dk\\\/de\\\/?s={search_term_string}\"},\"query-input\":{\"@type\":\"PropertyValueSpecification\",\"valueRequired\":true,\"valueName\":\"search_term_string\"}}],\"inLanguage\":\"de\"}]}<\/script>\n<!-- \/ Yoast SEO plugin. -->","yoast_head_json":{"title":"Cookie- und Datenschutzrichtlinie | Bjerregaard Camping","description":"Cookie- und Datenschutzrichtlinie - Hier k\u00f6nnen Sie nachlesen, wie wir Ihre pers\u00f6nlichen Daten verarbeiten und wie wir Cookies verwenden.","robots":{"index":"index","follow":"follow","max-snippet":"max-snippet:-1","max-image-preview":"max-image-preview:large","max-video-preview":"max-video-preview:-1"},"canonical":"https:\/\/bjerregaardcamping.dk\/de\/cookie-og-privatlivspolitik\/","og_locale":"de_DE","og_type":"article","og_title":"Cookie- und Datenschutzrichtlinie | Bjerregaard Camping","og_description":"Cookie- und Datenschutzrichtlinie - Hier k\u00f6nnen Sie nachlesen, wie wir Ihre pers\u00f6nlichen Daten verarbeiten und wie wir Cookies verwenden.","og_url":"https:\/\/bjerregaardcamping.dk\/de\/cookie-og-privatlivspolitik\/","og_site_name":"Bjerregaard Camping","article_publisher":"https:\/\/www.facebook.com\/Bjerregaardcamping\/","article_modified_time":"2025-04-11T07:55:01+00:00","twitter_card":"summary_large_image","twitter_misc":{"Gesch\u00e4tzte Lesezeit":"5\u00a0Minuten"},"schema":{"@context":"https:\/\/schema.org","@graph":[{"@type":"WebPage","@id":"https:\/\/bjerregaardcamping.dk\/de\/cookie-og-privatlivspolitik\/","url":"https:\/\/bjerregaardcamping.dk\/de\/cookie-og-privatlivspolitik\/","name":"Cookie- und Datenschutzrichtlinie | Bjerregaard Camping","isPartOf":{"@id":"https:\/\/bjerregaardcamping.dk\/de\/#website"},"datePublished":"2016-08-11T10:44:12+00:00","dateModified":"2025-04-11T07:55:01+00:00","description":"Cookie- und Datenschutzrichtlinie - Hier k\u00f6nnen Sie nachlesen, wie wir Ihre pers\u00f6nlichen Daten verarbeiten und wie wir Cookies verwenden.","breadcrumb":{"@id":"https:\/\/bjerregaardcamping.dk\/de\/cookie-og-privatlivspolitik\/#breadcrumb"},"inLanguage":"de","potentialAction":[{"@type":"ReadAction","target":["https:\/\/bjerregaardcamping.dk\/de\/cookie-og-privatlivspolitik\/"]}]},{"@type":"BreadcrumbList","@id":"https:\/\/bjerregaardcamping.dk\/de\/cookie-og-privatlivspolitik\/#breadcrumb","itemListElement":[{"@type":"ListItem","position":1,"name":"Hjem","item":"https:\/\/bjerregaardcamping.dk\/de\/forside-2\/"},{"@type":"ListItem","position":2,"name":"Cookie- und Datenschutzrichtlinie"}]},{"@type":"WebSite","@id":"https:\/\/bjerregaardcamping.dk\/de\/#website","url":"https:\/\/bjerregaardcamping.dk\/de\/","name":"Bjerregaard Camping","description":"Camping mellem hav og fjord","potentialAction":[{"@type":"SearchAction","target":{"@type":"EntryPoint","urlTemplate":"https:\/\/bjerregaardcamping.dk\/de\/?s={search_term_string}"},"query-input":{"@type":"PropertyValueSpecification","valueRequired":true,"valueName":"search_term_string"}}],"inLanguage":"de"}]}},"_links":{"self":[{"href":"https:\/\/bjerregaardcamping.dk\/de\/wp-json\/wp\/v2\/pages\/26378","targetHints":{"allow":["GET"]}}],"collection":[{"href":"https:\/\/bjerregaardcamping.dk\/de\/wp-json\/wp\/v2\/pages"}],"about":[{"href":"https:\/\/bjerregaardcamping.dk\/de\/wp-json\/wp\/v2\/types\/page"}],"author":[{"embeddable":true,"href":"https:\/\/bjerregaardcamping.dk\/de\/wp-json\/wp\/v2\/users\/2"}],"replies":[{"embeddable":true,"href":"https:\/\/bjerregaardcamping.dk\/de\/wp-json\/wp\/v2\/comments?post=26378"}],"version-history":[{"count":3,"href":"https:\/\/bjerregaardcamping.dk\/de\/wp-json\/wp\/v2\/pages\/26378\/revisions"}],"predecessor-version":[{"id":26392,"href":"https:\/\/bjerregaardcamping.dk\/de\/wp-json\/wp\/v2\/pages\/26378\/revisions\/26392"}],"wp:attachment":[{"href":"https:\/\/bjerregaardcamping.dk\/de\/wp-json\/wp\/v2\/media?parent=26378"}],"curies":[{"name":"wp","href":"https:\/\/api.w.org\/{rel}","templated":true}]}}