{"id":26428,"date":"2024-05-04T17:30:03","date_gmt":"2024-05-04T15:30:03","guid":{"rendered":"https:\/\/bjerregaardcamping.dk\/willkommen\/"},"modified":"2024-05-04T17:30:03","modified_gmt":"2024-05-04T15:30:03","slug":"velkommen","status":"publish","type":"page","link":"https:\/\/bjerregaardcamping.dk\/de\/velkommen\/","title":{"rendered":"Willkommen"},"content":{"rendered":"<p><a href=\"https:\/\/webapp.govisit.dk\/Bjerregaard%20Camping?Banner=Bjerregaard%20webapp\">https:\/\/webapp.govisit.dk\/Bjerregaard%20Camping?Banner=Bjerregaard%20webapp<\/a><\/p>\n","protected":false},"excerpt":{"rendered":"<p>https:\/\/webapp.govisit.dk\/Bjerregaard%20Camping?Banner=Bjerregaard%20webapp<\/p>\n","protected":false},"author":2,"featured_media":0,"parent":0,"menu_order":0,"comment_status":"closed","ping_status":"closed","template":"","meta":{"site-sidebar-layout":"default","site-content-layout":"","ast-site-content-layout":"default","site-content-style":"default","site-sidebar-style":"default","ast-global-header-display":"","ast-banner-title-visibility":"","ast-main-header-display":"","ast-hfb-above-header-display":"","ast-hfb-below-header-display":"","ast-hfb-mobile-header-display":"","site-post-title":"","ast-breadcrumbs-content":"","ast-featured-img":"","footer-sml-layout":"","ast-disable-related-posts":"","theme-transparent-header-meta":"","adv-header-id-meta":"","stick-header-meta":"","header-above-stick-meta":"","header-main-stick-meta":"","header-below-stick-meta":"","astra-migrate-meta-layouts":"default","ast-page-background-enabled":"default","ast-page-background-meta":{"desktop":{"background-color":"var(--ast-global-color-5)","background-image":"","background-repeat":"repeat","background-position":"center center","background-size":"auto","background-attachment":"scroll","background-type":"","background-media":"","overlay-type":"","overlay-color":"","overlay-opacity":"","overlay-gradient":""},"tablet":{"background-color":"","background-image":"","background-repeat":"repeat","background-position":"center center","background-size":"auto","background-attachment":"scroll","background-type":"","background-media":"","overlay-type":"","overlay-color":"","overlay-opacity":"","overlay-gradient":""},"mobile":{"background-color":"","background-image":"","background-repeat":"repeat","background-position":"center center","background-size":"auto","background-attachment":"scroll","background-type":"","background-media":"","overlay-type":"","overlay-color":"","overlay-opacity":"","overlay-gradient":""}},"ast-content-background-meta":{"desktop":{"background-color":"var(--ast-global-color-4)","background-image":"","background-repeat":"repeat","background-position":"center center","background-size":"auto","background-attachment":"scroll","background-type":"","background-media":"","overlay-type":"","overlay-color":"","overlay-opacity":"","overlay-gradient":""},"tablet":{"background-color":"var(--ast-global-color-4)","background-image":"","background-repeat":"repeat","background-position":"center center","background-size":"auto","background-attachment":"scroll","background-type":"","background-media":"","overlay-type":"","overlay-color":"","overlay-opacity":"","overlay-gradient":""},"mobile":{"background-color":"var(--ast-global-color-4)","background-image":"","background-repeat":"repeat","background-position":"center center","background-size":"auto","background-attachment":"scroll","background-type":"","background-media":"","overlay-type":"","overlay-color":"","overlay-opacity":"","overlay-gradient":""}},"footnotes":""},"class_list":["post-26428","page","type-page","status-publish","hentry"],"yoast_head":"<!-- This site is optimized with the Yoast SEO plugin v27.1.1 - https:\/\/yoast.com\/product\/yoast-seo-wordpress\/ -->\n<title>Willkommen | Bjerregaard Camping<\/title>\n<meta name=\"description\" content=\"Willkommen zu einem wundersch\u00f6nen Urlaub an der Nordsee - Bjerregaard Camping bietet Ruhe, Gem\u00fctlichkeit, Natur und Aktivit\u00e4ten f\u00fcr die ganze Familie.\" \/>\n<meta name=\"robots\" content=\"index, follow, max-snippet:-1, max-image-preview:large, max-video-preview:-1\" \/>\n<link rel=\"canonical\" href=\"https:\/\/bjerregaardcamping.dk\/de\/velkommen\/\" \/>\n<meta property=\"og:locale\" content=\"de_DE\" \/>\n<meta property=\"og:type\" content=\"article\" \/>\n<meta property=\"og:title\" content=\"Willkommen | Bjerregaard Camping\" \/>\n<meta property=\"og:description\" content=\"Willkommen zu einem wundersch\u00f6nen Urlaub an der Nordsee - Bjerregaard Camping bietet Ruhe, Gem\u00fctlichkeit, Natur und Aktivit\u00e4ten f\u00fcr die ganze Familie.\" \/>\n<meta property=\"og:url\" content=\"https:\/\/bjerregaardcamping.dk\/de\/velkommen\/\" \/>\n<meta property=\"og:site_name\" content=\"Bjerregaard Camping\" \/>\n<meta property=\"article:publisher\" content=\"https:\/\/www.facebook.com\/Bjerregaardcamping\/\" \/>\n<meta name=\"twitter:card\" content=\"summary_large_image\" \/>\n<script type=\"application\/ld+json\" class=\"yoast-schema-graph\">{\"@context\":\"https:\/\/schema.org\",\"@graph\":[{\"@type\":\"WebPage\",\"@id\":\"https:\/\/bjerregaardcamping.dk\/de\/velkommen\/\",\"url\":\"https:\/\/bjerregaardcamping.dk\/de\/velkommen\/\",\"name\":\"Willkommen | Bjerregaard Camping\",\"isPartOf\":{\"@id\":\"https:\/\/bjerregaardcamping.dk\/de\/#website\"},\"datePublished\":\"2024-05-04T15:30:03+00:00\",\"description\":\"Willkommen zu einem wundersch\u00f6nen Urlaub an der Nordsee - Bjerregaard Camping bietet Ruhe, Gem\u00fctlichkeit, Natur und Aktivit\u00e4ten f\u00fcr die ganze Familie.\",\"breadcrumb\":{\"@id\":\"https:\/\/bjerregaardcamping.dk\/de\/velkommen\/#breadcrumb\"},\"inLanguage\":\"de\",\"potentialAction\":[{\"@type\":\"ReadAction\",\"target\":[\"https:\/\/bjerregaardcamping.dk\/de\/velkommen\/\"]}]},{\"@type\":\"BreadcrumbList\",\"@id\":\"https:\/\/bjerregaardcamping.dk\/de\/velkommen\/#breadcrumb\",\"itemListElement\":[{\"@type\":\"ListItem\",\"position\":1,\"name\":\"Hjem\",\"item\":\"https:\/\/bjerregaardcamping.dk\/de\/forside-2\/\"},{\"@type\":\"ListItem\",\"position\":2,\"name\":\"Willkommen\"}]},{\"@type\":\"WebSite\",\"@id\":\"https:\/\/bjerregaardcamping.dk\/de\/#website\",\"url\":\"https:\/\/bjerregaardcamping.dk\/de\/\",\"name\":\"Bjerregaard Camping\",\"description\":\"Camping mellem hav og fjord\",\"potentialAction\":[{\"@type\":\"SearchAction\",\"target\":{\"@type\":\"EntryPoint\",\"urlTemplate\":\"https:\/\/bjerregaardcamping.dk\/de\/?s={search_term_string}\"},\"query-input\":{\"@type\":\"PropertyValueSpecification\",\"valueRequired\":true,\"valueName\":\"search_term_string\"}}],\"inLanguage\":\"de\"}]}<\/script>\n<!-- \/ Yoast SEO plugin. -->","yoast_head_json":{"title":"Willkommen | Bjerregaard Camping","description":"Willkommen zu einem wundersch\u00f6nen Urlaub an der Nordsee - Bjerregaard Camping bietet Ruhe, Gem\u00fctlichkeit, Natur und Aktivit\u00e4ten f\u00fcr die ganze Familie.","robots":{"index":"index","follow":"follow","max-snippet":"max-snippet:-1","max-image-preview":"max-image-preview:large","max-video-preview":"max-video-preview:-1"},"canonical":"https:\/\/bjerregaardcamping.dk\/de\/velkommen\/","og_locale":"de_DE","og_type":"article","og_title":"Willkommen | Bjerregaard Camping","og_description":"Willkommen zu einem wundersch\u00f6nen Urlaub an der Nordsee - Bjerregaard Camping bietet Ruhe, Gem\u00fctlichkeit, Natur und Aktivit\u00e4ten f\u00fcr die ganze Familie.","og_url":"https:\/\/bjerregaardcamping.dk\/de\/velkommen\/","og_site_name":"Bjerregaard Camping","article_publisher":"https:\/\/www.facebook.com\/Bjerregaardcamping\/","twitter_card":"summary_large_image","schema":{"@context":"https:\/\/schema.org","@graph":[{"@type":"WebPage","@id":"https:\/\/bjerregaardcamping.dk\/de\/velkommen\/","url":"https:\/\/bjerregaardcamping.dk\/de\/velkommen\/","name":"Willkommen | Bjerregaard Camping","isPartOf":{"@id":"https:\/\/bjerregaardcamping.dk\/de\/#website"},"datePublished":"2024-05-04T15:30:03+00:00","description":"Willkommen zu einem wundersch\u00f6nen Urlaub an der Nordsee - Bjerregaard Camping bietet Ruhe, Gem\u00fctlichkeit, Natur und Aktivit\u00e4ten f\u00fcr die ganze Familie.","breadcrumb":{"@id":"https:\/\/bjerregaardcamping.dk\/de\/velkommen\/#breadcrumb"},"inLanguage":"de","potentialAction":[{"@type":"ReadAction","target":["https:\/\/bjerregaardcamping.dk\/de\/velkommen\/"]}]},{"@type":"BreadcrumbList","@id":"https:\/\/bjerregaardcamping.dk\/de\/velkommen\/#breadcrumb","itemListElement":[{"@type":"ListItem","position":1,"name":"Hjem","item":"https:\/\/bjerregaardcamping.dk\/de\/forside-2\/"},{"@type":"ListItem","position":2,"name":"Willkommen"}]},{"@type":"WebSite","@id":"https:\/\/bjerregaardcamping.dk\/de\/#website","url":"https:\/\/bjerregaardcamping.dk\/de\/","name":"Bjerregaard Camping","description":"Camping mellem hav og fjord","potentialAction":[{"@type":"SearchAction","target":{"@type":"EntryPoint","urlTemplate":"https:\/\/bjerregaardcamping.dk\/de\/?s={search_term_string}"},"query-input":{"@type":"PropertyValueSpecification","valueRequired":true,"valueName":"search_term_string"}}],"inLanguage":"de"}]}},"_links":{"self":[{"href":"https:\/\/bjerregaardcamping.dk\/de\/wp-json\/wp\/v2\/pages\/26428","targetHints":{"allow":["GET"]}}],"collection":[{"href":"https:\/\/bjerregaardcamping.dk\/de\/wp-json\/wp\/v2\/pages"}],"about":[{"href":"https:\/\/bjerregaardcamping.dk\/de\/wp-json\/wp\/v2\/types\/page"}],"author":[{"embeddable":true,"href":"https:\/\/bjerregaardcamping.dk\/de\/wp-json\/wp\/v2\/users\/2"}],"replies":[{"embeddable":true,"href":"https:\/\/bjerregaardcamping.dk\/de\/wp-json\/wp\/v2\/comments?post=26428"}],"version-history":[{"count":0,"href":"https:\/\/bjerregaardcamping.dk\/de\/wp-json\/wp\/v2\/pages\/26428\/revisions"}],"wp:attachment":[{"href":"https:\/\/bjerregaardcamping.dk\/de\/wp-json\/wp\/v2\/media?parent=26428"}],"curies":[{"name":"wp","href":"https:\/\/api.w.org\/{rel}","templated":true}]}}