{"id":26484,"date":"2025-01-12T14:54:25","date_gmt":"2025-01-12T13:54:25","guid":{"rendered":"https:\/\/bjerregaardcamping.dk\/kontaktieren-sie-uns\/"},"modified":"2025-04-11T11:15:29","modified_gmt":"2025-04-11T09:15:29","slug":"kontakt","status":"publish","type":"page","link":"https:\/\/bjerregaardcamping.dk\/de\/kontakt\/","title":{"rendered":"Kontakt"},"content":{"rendered":"\t\t<div data-elementor-type=\"wp-page\" data-elementor-id=\"26484\" class=\"elementor elementor-26484 elementor-22213\" data-elementor-post-type=\"page\">\n\t\t\t\t<div class=\"elementor-element elementor-element-9b35c08 e-flex e-con-boxed e-con e-parent\" data-id=\"9b35c08\" data-element_type=\"container\" data-e-type=\"container\" data-settings=\"{&quot;background_background&quot;:&quot;classic&quot;}\">\n\t\t\t\t\t<div class=\"e-con-inner\">\n\t\t<div class=\"elementor-element elementor-element-87dc629 e-con-full e-flex e-con e-child\" data-id=\"87dc629\" data-element_type=\"container\" data-e-type=\"container\">\n\t\t\t\t<div class=\"elementor-element elementor-element-766e4b2 elementor-widget__width-initial elementor-widget elementor-widget-heading\" data-id=\"766e4b2\" data-element_type=\"widget\" data-e-type=\"widget\" data-widget_type=\"heading.default\">\n\t\t\t\t<div class=\"elementor-widget-container\">\n\t\t\t\t\t<h2 class=\"elementor-heading-title elementor-size-default\">Kontakt<\/h2>\t\t\t\t<\/div>\n\t\t\t\t<\/div>\n\t\t\t\t<\/div>\n\t\t\t\t\t<\/div>\n\t\t\t\t<\/div>\n\t\t<div class=\"elementor-element elementor-element-b567304 e-flex e-con-boxed e-con e-parent\" data-id=\"b567304\" data-element_type=\"container\" data-e-type=\"container\">\n\t\t\t\t\t<div class=\"e-con-inner\">\n\t\t<div class=\"elementor-element elementor-element-af178b6 e-con-full e-flex e-con e-child\" data-id=\"af178b6\" data-element_type=\"container\" data-e-type=\"container\">\n\t\t\t\t<div class=\"elementor-element elementor-element-5782682 elementor-widget elementor-widget-google_maps\" data-id=\"5782682\" data-element_type=\"widget\" data-e-type=\"widget\" data-widget_type=\"google_maps.default\">\n\t\t\t\t<div class=\"elementor-widget-container\">\n\t\t\t\t\t\t\t<div class=\"elementor-custom-embed\">\n\t\t\t<iframe loading=\"lazy\"\n\t\t\t\t\tsrc=\"https:\/\/maps.google.com\/maps?q=S%C3%B8nder%20klitvej%20185%2C%20Hvide%20Sande&#038;t=m&#038;z=7&#038;output=embed&#038;iwloc=near\"\n\t\t\t\t\ttitle=\"S\u00f8nder klitvej 185, Hvide Sande\"\n\t\t\t\t\taria-label=\"S\u00f8nder klitvej 185, Hvide Sande\"\n\t\t\t><\/iframe>\n\t\t<\/div>\n\t\t\t\t\t\t<\/div>\n\t\t\t\t<\/div>\n\t\t\t\t<\/div>\n\t\t<div class=\"elementor-element elementor-element-df48a77 e-con-full e-flex e-con e-child\" data-id=\"df48a77\" data-element_type=\"container\" data-e-type=\"container\">\n\t\t\t\t<div class=\"elementor-element elementor-element-23ff77c elementor-widget elementor-widget-heading\" data-id=\"23ff77c\" data-element_type=\"widget\" data-e-type=\"widget\" data-widget_type=\"heading.default\">\n\t\t\t\t<div class=\"elementor-widget-container\">\n\t\t\t\t\t<h2 class=\"elementor-heading-title elementor-size-default\">Nehmen Sie Kontakt mit uns auf:<\/h2>\t\t\t\t<\/div>\n\t\t\t\t<\/div>\n\t\t\t\t<div class=\"elementor-element elementor-element-f61ffd5 elementor-widget elementor-widget-text-editor\" data-id=\"f61ffd5\" data-element_type=\"widget\" data-e-type=\"widget\" data-widget_type=\"text-editor.default\">\n\t\t\t\t<div class=\"elementor-widget-container\">\n\t\t\t\t\t\t\t\t\t<p style=\"text-align: left;\"><a href=\"https:\/\/maps.app.goo.gl\/oUJA2sQBofEDuKLD8\">S\u00f8nder Klitvej 185, Bjerregaard <\/a><br>DK-6960 Hvide Sande<\/p><p style=\"text-align: left;\">Tel. <a href=\"tel:+4597315044\">+45 97315044<\/a><\/p><p style=\"text-align: left;\">E-Mail: <a href=\"mailto:info@bjerregaardcamping.dk\">info@bjerregaardcamping.dk<\/a><\/p>\t\t\t\t\t\t\t\t<\/div>\n\t\t\t\t<\/div>\n\t\t\t\t<div class=\"elementor-element elementor-element-b1d08a7 elementor-button-align-end elementor-widget elementor-widget-form\" data-id=\"b1d08a7\" data-element_type=\"widget\" data-e-type=\"widget\" data-settings=\"{&quot;step_next_label&quot;:&quot;Was kommt als N\\u00e4chstes?&quot;,&quot;step_previous_label&quot;:&quot;Zuvor&quot;,&quot;button_width&quot;:&quot;100&quot;,&quot;step_type&quot;:&quot;number_text&quot;,&quot;step_icon_shape&quot;:&quot;circle&quot;}\" data-widget_type=\"form.default\">\n\t\t\t\t<div class=\"elementor-widget-container\">\n\t\t\t\t\t\t\t<form class=\"elementor-form\" method=\"post\" name=\"Kontakt\" aria-label=\"Kontakt\">\n\t\t\t<input type=\"hidden\" name=\"post_id\" value=\"26484\"\/>\n\t\t\t<input type=\"hidden\" name=\"form_id\" value=\"b1d08a7\"\/>\n\t\t\t<input type=\"hidden\" name=\"referer_title\" value=\"Kontakt | Bjerregaard Camping\" \/>\n\n\t\t\t\t\t\t\t<input type=\"hidden\" name=\"queried_id\" value=\"26484\"\/>\n\t\t\t\n\t\t\t<div class=\"elementor-form-fields-wrapper elementor-labels-\">\n\t\t\t\t\t\t\t\t<div class=\"elementor-field-type-text elementor-field-group elementor-column elementor-field-group-name elementor-col-100 elementor-field-required\">\n\t\t\t\t\t\t\t\t\t\t\t\t<label for=\"form-field-name\" class=\"elementor-field-label elementor-screen-only\">\n\t\t\t\t\t\t\t\tName\t\t\t\t\t\t\t<\/label>\n\t\t\t\t\t\t\t\t\t\t\t\t\t\t<input size=\"1\" type=\"text\" name=\"form_fields[name]\" id=\"form-field-name\" class=\"elementor-field elementor-size-sm  elementor-field-textual\" placeholder=\"Name\" required=\"required\">\n\t\t\t\t\t\t\t\t\t\t\t<\/div>\n\t\t\t\t\t\t\t\t<div class=\"elementor-field-type-tel elementor-field-group elementor-column elementor-field-group-phone elementor-col-50 elementor-field-required\">\n\t\t\t\t\t\t\t\t\t\t\t\t<label for=\"form-field-phone\" class=\"elementor-field-label elementor-screen-only\">\n\t\t\t\t\t\t\t\tRufnummer\t\t\t\t\t\t\t<\/label>\n\t\t\t\t\t\t\t\t<input size=\"1\" type=\"tel\" name=\"form_fields[phone]\" id=\"form-field-phone\" class=\"elementor-field elementor-size-sm  elementor-field-textual\" placeholder=\"Rufnummer\" required=\"required\" pattern=\"[0-9()#&amp;+*-=.]+\" title=\"Nur Nummern oder Telefon-Zeichen (#, -, *, etc) werden akzeptiert.\">\n\n\t\t\t\t\t\t<\/div>\n\t\t\t\t\t\t\t\t<div class=\"elementor-field-type-email elementor-field-group elementor-column elementor-field-group-email elementor-col-50 elementor-field-required\">\n\t\t\t\t\t\t\t\t\t\t\t\t<label for=\"form-field-email\" class=\"elementor-field-label elementor-screen-only\">\n\t\t\t\t\t\t\t\tE-Mail\t\t\t\t\t\t\t<\/label>\n\t\t\t\t\t\t\t\t\t\t\t\t\t\t<input size=\"1\" type=\"email\" name=\"form_fields[email]\" id=\"form-field-email\" class=\"elementor-field elementor-size-sm  elementor-field-textual\" placeholder=\"E-Mail\" required=\"required\">\n\t\t\t\t\t\t\t\t\t\t\t<\/div>\n\t\t\t\t\t\t\t\t<div class=\"elementor-field-type-textarea elementor-field-group elementor-column elementor-field-group-message elementor-col-100 elementor-field-required\">\n\t\t\t\t\t\t\t\t\t\t\t\t<label for=\"form-field-message\" class=\"elementor-field-label elementor-screen-only\">\n\t\t\t\t\t\t\t\tNachricht\t\t\t\t\t\t\t<\/label>\n\t\t\t\t\t\t<textarea class=\"elementor-field-textual elementor-field  elementor-size-sm\" name=\"form_fields[message]\" id=\"form-field-message\" rows=\"4\" placeholder=\"Nachricht\" required=\"required\"><\/textarea>\t\t\t\t<\/div>\n\t\t\t\t\t\t\t\t<div class=\"elementor-field-group elementor-column elementor-field-type-submit elementor-col-100 e-form__buttons\">\n\t\t\t\t\t<button class=\"elementor-button elementor-size-sm\" type=\"submit\">\n\t\t\t\t\t\t<span class=\"elementor-button-content-wrapper\">\n\t\t\t\t\t\t\t\t\t\t\t\t\t\t\t\t\t\t\t\t\t\t<span class=\"elementor-button-text\">Senden Sie<\/span>\n\t\t\t\t\t\t\t\t\t\t\t\t\t<\/span>\n\t\t\t\t\t<\/button>\n\t\t\t\t<\/div>\n\t\t\t<\/div>\n\t\t<\/form>\n\t\t\t\t\t\t<\/div>\n\t\t\t\t<\/div>\n\t\t\t\t<\/div>\n\t\t\t\t\t<\/div>\n\t\t\t\t<\/div>\n\t\t<div class=\"elementor-element elementor-element-1910a7f e-flex e-con-boxed e-con e-parent\" data-id=\"1910a7f\" data-element_type=\"container\" data-e-type=\"container\">\n\t\t\t\t\t<div class=\"e-con-inner\">\n\t\t\t\t<div class=\"elementor-element elementor-element-e080fd3 elementor-widget__width-inherit elementor-widget elementor-widget-template\" data-id=\"e080fd3\" data-element_type=\"widget\" data-e-type=\"widget\" data-widget_type=\"template.default\">\n\t\t\t\t<div class=\"elementor-widget-container\">\n\t\t\t\t\t\t\t<div class=\"elementor-template\">\n\t\t\t\t\t<div data-elementor-type=\"container\" data-elementor-id=\"26531\" class=\"elementor elementor-26531 elementor-22623\" data-elementor-post-type=\"elementor_library\">\n\t\t\t\t<div class=\"elementor-element elementor-element-42dbdbb6 e-grid e-con-boxed e-con e-parent\" data-id=\"42dbdbb6\" data-element_type=\"container\" data-e-type=\"container\">\n\t\t\t\t\t<div class=\"e-con-inner\">\n\t\t<div class=\"elementor-element elementor-element-51e833ff e-con-full e-flex e-con e-child\" data-id=\"51e833ff\" data-element_type=\"container\" data-e-type=\"container\">\n\t\t\t\t<div class=\"elementor-element elementor-element-5783cdfd elementor-widget elementor-widget-image\" data-id=\"5783cdfd\" data-element_type=\"widget\" data-e-type=\"widget\" data-widget_type=\"image.default\">\n\t\t\t\t<div class=\"elementor-widget-container\">\n\t\t\t\t\t\t\t\t\t\t\t\t\t\t\t\t<a href=\"https:\/\/bjerregaardcamping.dk\/overnatning\/camping\/\">\n\t\t\t\t\t\t\t<img decoding=\"async\" width=\"148\" height=\"148\" src=\"https:\/\/bjerregaardcamping.dk\/wp-content\/uploads\/Camping-icon.png\" class=\"attachment-large size-large wp-image-24629\" alt=\"\" \/>\t\t\t\t\t\t\t\t<\/a>\n\t\t\t\t\t\t\t\t\t\t\t\t\t\t\t<\/div>\n\t\t\t\t<\/div>\n\t\t\t\t<div class=\"elementor-element elementor-element-1af8898a elementor-widget elementor-widget-heading\" data-id=\"1af8898a\" data-element_type=\"widget\" data-e-type=\"widget\" data-widget_type=\"heading.default\">\n\t\t\t\t<div class=\"elementor-widget-container\">\n\t\t\t\t\t<h2 class=\"elementor-heading-title elementor-size-default\"><a href=\"https:\/\/bjerregaardcamping.dk\/overnatning\/camping\/\">Camping<\/a><\/h2>\t\t\t\t<\/div>\n\t\t\t\t<\/div>\n\t\t\t\t<div class=\"elementor-element elementor-element-38db65c7 elementor-widget elementor-widget-text-editor\" data-id=\"38db65c7\" data-element_type=\"widget\" data-e-type=\"widget\" data-widget_type=\"text-editor.default\">\n\t\t\t\t<div class=\"elementor-widget-container\">\n\t\t\t\t\t\t\t\t\t<p>\u00dcbernachten Sie in Ihrem eigenen Wohnwagen oder Zelt.<\/p>\t\t\t\t\t\t\t\t<\/div>\n\t\t\t\t<\/div>\n\t\t\t\t<\/div>\n\t\t<div class=\"elementor-element elementor-element-4d3ec0f2 e-con-full e-flex e-con e-child\" data-id=\"4d3ec0f2\" data-element_type=\"container\" data-e-type=\"container\">\n\t\t\t\t<div class=\"elementor-element elementor-element-4389eaa3 elementor-widget elementor-widget-image\" data-id=\"4389eaa3\" data-element_type=\"widget\" data-e-type=\"widget\" data-widget_type=\"image.default\">\n\t\t\t\t<div class=\"elementor-widget-container\">\n\t\t\t\t\t\t\t\t\t\t\t\t\t\t\t\t<a href=\"https:\/\/bjerregaardcamping.dk\/overnatning\/autocamper\/\">\n\t\t\t\t\t\t\t<img decoding=\"async\" width=\"148\" height=\"148\" src=\"https:\/\/bjerregaardcamping.dk\/wp-content\/uploads\/Autocamper-icon.png\" class=\"attachment-large size-large wp-image-24628\" alt=\"\" \/>\t\t\t\t\t\t\t\t<\/a>\n\t\t\t\t\t\t\t\t\t\t\t\t\t\t\t<\/div>\n\t\t\t\t<\/div>\n\t\t\t\t<div class=\"elementor-element elementor-element-767c3707 elementor-widget elementor-widget-heading\" data-id=\"767c3707\" data-element_type=\"widget\" data-e-type=\"widget\" data-widget_type=\"heading.default\">\n\t\t\t\t<div class=\"elementor-widget-container\">\n\t\t\t\t\t<h2 class=\"elementor-heading-title elementor-size-default\"><a href=\"https:\/\/bjerregaardcamping.dk\/overnatning\/autocamper\/\">Wohnmobil<\/a><\/h2>\t\t\t\t<\/div>\n\t\t\t\t<\/div>\n\t\t\t\t<div class=\"elementor-element elementor-element-2e5681fa elementor-widget elementor-widget-text-editor\" data-id=\"2e5681fa\" data-element_type=\"widget\" data-e-type=\"widget\" data-widget_type=\"text-editor.default\">\n\t\t\t\t<div class=\"elementor-widget-container\">\n\t\t\t\t\t\t\t\t\t<p>Spezieller Wohnmobilbereich oder optionaler Stellplatz.<\/p>\t\t\t\t\t\t\t\t<\/div>\n\t\t\t\t<\/div>\n\t\t\t\t<\/div>\n\t\t<div class=\"elementor-element elementor-element-47d429b e-con-full e-flex e-con e-child\" data-id=\"47d429b\" data-element_type=\"container\" data-e-type=\"container\">\n\t\t\t\t<div class=\"elementor-element elementor-element-7df41d61 elementor-widget elementor-widget-image\" data-id=\"7df41d61\" data-element_type=\"widget\" data-e-type=\"widget\" data-widget_type=\"image.default\">\n\t\t\t\t<div class=\"elementor-widget-container\">\n\t\t\t\t\t\t\t\t\t\t\t\t\t\t\t\t<a href=\"https:\/\/bjerregaardcamping.dk\/overnatning\/campinghytter\/\">\n\t\t\t\t\t\t\t<img decoding=\"async\" width=\"148\" height=\"148\" src=\"https:\/\/bjerregaardcamping.dk\/wp-content\/uploads\/Campinghytte-icon.png\" class=\"attachment-large size-large wp-image-24627\" alt=\"\" \/>\t\t\t\t\t\t\t\t<\/a>\n\t\t\t\t\t\t\t\t\t\t\t\t\t\t\t<\/div>\n\t\t\t\t<\/div>\n\t\t\t\t<div class=\"elementor-element elementor-element-6e3d6af3 elementor-widget elementor-widget-heading\" data-id=\"6e3d6af3\" data-element_type=\"widget\" data-e-type=\"widget\" data-widget_type=\"heading.default\">\n\t\t\t\t<div class=\"elementor-widget-container\">\n\t\t\t\t\t<h2 class=\"elementor-heading-title elementor-size-default\"><a href=\"https:\/\/bjerregaardcamping.dk\/overnatning\/campinghytter\/\">Campingh\u00fctte  <\/a><\/h2>\t\t\t\t<\/div>\n\t\t\t\t<\/div>\n\t\t\t\t<div class=\"elementor-element elementor-element-46102298 elementor-widget elementor-widget-text-editor\" data-id=\"46102298\" data-element_type=\"widget\" data-e-type=\"widget\" data-widget_type=\"text-editor.default\">\n\t\t\t\t<div class=\"elementor-widget-container\">\n\t\t\t\t\t\t\t\t\t<p>Mieten Sie eine Campingh\u00fctte. Von 2 bis 5 Personen. <\/p>\t\t\t\t\t\t\t\t<\/div>\n\t\t\t\t<\/div>\n\t\t\t\t<\/div>\n\t\t<div class=\"elementor-element elementor-element-745cfcf0 e-con-full e-flex e-con e-child\" data-id=\"745cfcf0\" data-element_type=\"container\" data-e-type=\"container\">\n\t\t\t\t<div class=\"elementor-element elementor-element-3d3d5cce elementor-widget elementor-widget-image\" data-id=\"3d3d5cce\" data-element_type=\"widget\" data-e-type=\"widget\" data-widget_type=\"image.default\">\n\t\t\t\t<div class=\"elementor-widget-container\">\n\t\t\t\t\t\t\t\t\t\t\t\t\t\t\t\t<a href=\"https:\/\/bjerregaardcamping.dk\/overnatning\/mobilhomes\/\">\n\t\t\t\t\t\t\t<img loading=\"lazy\" decoding=\"async\" width=\"148\" height=\"148\" src=\"https:\/\/bjerregaardcamping.dk\/wp-content\/uploads\/Mobilhome-icon.png\" class=\"attachment-large size-large wp-image-24626\" alt=\"\" \/>\t\t\t\t\t\t\t\t<\/a>\n\t\t\t\t\t\t\t\t\t\t\t\t\t\t\t<\/div>\n\t\t\t\t<\/div>\n\t\t\t\t<div class=\"elementor-element elementor-element-628c678f elementor-widget elementor-widget-heading\" data-id=\"628c678f\" data-element_type=\"widget\" data-e-type=\"widget\" data-widget_type=\"heading.default\">\n\t\t\t\t<div class=\"elementor-widget-container\">\n\t\t\t\t\t<h2 class=\"elementor-heading-title elementor-size-default\"><a href=\"https:\/\/bjerregaardcamping.dk\/overnatning\/mobilhomes\/\">Mobiles Heim<\/a><\/h2>\t\t\t\t<\/div>\n\t\t\t\t<\/div>\n\t\t\t\t<div class=\"elementor-element elementor-element-3cd856b2 elementor-widget elementor-widget-text-editor\" data-id=\"3cd856b2\" data-element_type=\"widget\" data-e-type=\"widget\" data-widget_type=\"text-editor.default\">\n\t\t\t\t<div class=\"elementor-widget-container\">\n\t\t\t\t\t\t\t\t\t<p>Mit Dusche und Toilette und 6 Betten.<\/p>\t\t\t\t\t\t\t\t<\/div>\n\t\t\t\t<\/div>\n\t\t\t\t<\/div>\n\t\t\t\t\t<\/div>\n\t\t\t\t<\/div>\n\t\t\t\t<\/div>\n\t\t\t\t<\/div>\n\t\t\t\t\t\t<\/div>\n\t\t\t\t<\/div>\n\t\t\t\t\t<\/div>\n\t\t\t\t<\/div>\n\t\t\t\t<\/div>\n\t\t","protected":false},"excerpt":{"rendered":"<p>Kontakt Nehmen Sie Kontakt mit uns auf: S\u00f8nder Klitvej 185, Bjerregaard DK-6960 Hvide Sande Tel. +45 97315044 E-Mail: info@bjerregaardcamping.dk<\/p>\n","protected":false},"author":2,"featured_media":25862,"parent":0,"menu_order":0,"comment_status":"closed","ping_status":"closed","template":"","meta":{"site-sidebar-layout":"default","site-content-layout":"","ast-site-content-layout":"default","site-content-style":"default","site-sidebar-style":"default","ast-global-header-display":"","ast-banner-title-visibility":"","ast-main-header-display":"","ast-hfb-above-header-display":"","ast-hfb-below-header-display":"","ast-hfb-mobile-header-display":"","site-post-title":"","ast-breadcrumbs-content":"","ast-featured-img":"","footer-sml-layout":"","ast-disable-related-posts":"","theme-transparent-header-meta":"","adv-header-id-meta":"","stick-header-meta":"","header-above-stick-meta":"","header-main-stick-meta":"","header-below-stick-meta":"","astra-migrate-meta-layouts":"default","ast-page-background-enabled":"default","ast-page-background-meta":{"desktop":{"background-color":"var(--ast-global-color-5)","background-image":"","background-repeat":"repeat","background-position":"center center","background-size":"auto","background-attachment":"scroll","background-type":"","background-media":"","overlay-type":"","overlay-color":"","overlay-opacity":"","overlay-gradient":""},"tablet":{"background-color":"","background-image":"","background-repeat":"repeat","background-position":"center center","background-size":"auto","background-attachment":"scroll","background-type":"","background-media":"","overlay-type":"","overlay-color":"","overlay-opacity":"","overlay-gradient":""},"mobile":{"background-color":"","background-image":"","background-repeat":"repeat","background-position":"center center","background-size":"auto","background-attachment":"scroll","background-type":"","background-media":"","overlay-type":"","overlay-color":"","overlay-opacity":"","overlay-gradient":""}},"ast-content-background-meta":{"desktop":{"background-color":"var(--ast-global-color-4)","background-image":"","background-repeat":"repeat","background-position":"center center","background-size":"auto","background-attachment":"scroll","background-type":"","background-media":"","overlay-type":"","overlay-color":"","overlay-opacity":"","overlay-gradient":""},"tablet":{"background-color":"var(--ast-global-color-4)","background-image":"","background-repeat":"repeat","background-position":"center center","background-size":"auto","background-attachment":"scroll","background-type":"","background-media":"","overlay-type":"","overlay-color":"","overlay-opacity":"","overlay-gradient":""},"mobile":{"background-color":"var(--ast-global-color-4)","background-image":"","background-repeat":"repeat","background-position":"center center","background-size":"auto","background-attachment":"scroll","background-type":"","background-media":"","overlay-type":"","overlay-color":"","overlay-opacity":"","overlay-gradient":""}},"footnotes":""},"class_list":["post-26484","page","type-page","status-publish","has-post-thumbnail","hentry"],"yoast_head":"<!-- This site is optimized with the Yoast SEO plugin v27.3 - https:\/\/yoast.com\/product\/yoast-seo-wordpress\/ -->\n<title>Kontakt | Bjerregaard Camping<\/title>\n<meta name=\"description\" content=\"M\u00f6chten Sie mit Bjerregaard camping in Kontakt treten? Nehmen Sie \u00fcber diese Seite Kontakt mit uns auf und wir werden uns so schnell wie m\u00f6glich bei Ihnen melden.\" \/>\n<meta name=\"robots\" content=\"index, follow, max-snippet:-1, max-image-preview:large, max-video-preview:-1\" \/>\n<link rel=\"canonical\" href=\"https:\/\/bjerregaardcamping.dk\/de\/kontakt\/\" \/>\n<meta property=\"og:locale\" content=\"de_DE\" \/>\n<meta property=\"og:type\" content=\"article\" \/>\n<meta property=\"og:title\" content=\"Kontakt | Bjerregaard Camping\" \/>\n<meta property=\"og:description\" content=\"M\u00f6chten Sie mit Bjerregaard camping in Kontakt treten? Nehmen Sie \u00fcber diese Seite Kontakt mit uns auf und wir werden uns so schnell wie m\u00f6glich bei Ihnen melden.\" \/>\n<meta property=\"og:url\" content=\"https:\/\/bjerregaardcamping.dk\/de\/kontakt\/\" \/>\n<meta property=\"og:site_name\" content=\"Bjerregaard Camping\" \/>\n<meta property=\"article:publisher\" content=\"https:\/\/www.facebook.com\/Bjerregaardcamping\/\" \/>\n<meta property=\"article:modified_time\" content=\"2025-04-11T09:15:29+00:00\" \/>\n<meta property=\"og:image\" content=\"https:\/\/bjerregaardcamping.dk\/wp-content\/uploads\/havet-med-skum-2-1280-x-960.jpg\" \/>\n\t<meta property=\"og:image:width\" content=\"2000\" \/>\n\t<meta property=\"og:image:height\" content=\"1500\" \/>\n\t<meta property=\"og:image:type\" content=\"image\/jpeg\" \/>\n<meta name=\"twitter:card\" content=\"summary_large_image\" \/>\n<script type=\"application\/ld+json\" class=\"yoast-schema-graph\">{\"@context\":\"https:\\\/\\\/schema.org\",\"@graph\":[{\"@type\":\"WebPage\",\"@id\":\"https:\\\/\\\/bjerregaardcamping.dk\\\/de\\\/kontakt\\\/\",\"url\":\"https:\\\/\\\/bjerregaardcamping.dk\\\/de\\\/kontakt\\\/\",\"name\":\"Kontakt | Bjerregaard Camping\",\"isPartOf\":{\"@id\":\"https:\\\/\\\/bjerregaardcamping.dk\\\/de\\\/#website\"},\"primaryImageOfPage\":{\"@id\":\"https:\\\/\\\/bjerregaardcamping.dk\\\/de\\\/kontakt\\\/#primaryimage\"},\"image\":{\"@id\":\"https:\\\/\\\/bjerregaardcamping.dk\\\/de\\\/kontakt\\\/#primaryimage\"},\"thumbnailUrl\":\"https:\\\/\\\/bjerregaardcamping.dk\\\/wp-content\\\/uploads\\\/havet-med-skum-2-1280-x-960.jpg\",\"datePublished\":\"2025-01-12T13:54:25+00:00\",\"dateModified\":\"2025-04-11T09:15:29+00:00\",\"description\":\"M\u00f6chten Sie mit Bjerregaard camping in Kontakt treten? Nehmen Sie \u00fcber diese Seite Kontakt mit uns auf und wir werden uns so schnell wie m\u00f6glich bei Ihnen melden.\",\"breadcrumb\":{\"@id\":\"https:\\\/\\\/bjerregaardcamping.dk\\\/de\\\/kontakt\\\/#breadcrumb\"},\"inLanguage\":\"de\",\"potentialAction\":[{\"@type\":\"ReadAction\",\"target\":[\"https:\\\/\\\/bjerregaardcamping.dk\\\/de\\\/kontakt\\\/\"]}]},{\"@type\":\"ImageObject\",\"inLanguage\":\"de\",\"@id\":\"https:\\\/\\\/bjerregaardcamping.dk\\\/de\\\/kontakt\\\/#primaryimage\",\"url\":\"https:\\\/\\\/bjerregaardcamping.dk\\\/wp-content\\\/uploads\\\/havet-med-skum-2-1280-x-960.jpg\",\"contentUrl\":\"https:\\\/\\\/bjerregaardcamping.dk\\\/wp-content\\\/uploads\\\/havet-med-skum-2-1280-x-960.jpg\",\"width\":2000,\"height\":1500},{\"@type\":\"BreadcrumbList\",\"@id\":\"https:\\\/\\\/bjerregaardcamping.dk\\\/de\\\/kontakt\\\/#breadcrumb\",\"itemListElement\":[{\"@type\":\"ListItem\",\"position\":1,\"name\":\"Hjem\",\"item\":\"https:\\\/\\\/bjerregaardcamping.dk\\\/de\\\/forside-2\\\/\"},{\"@type\":\"ListItem\",\"position\":2,\"name\":\"Kontakt\"}]},{\"@type\":\"WebSite\",\"@id\":\"https:\\\/\\\/bjerregaardcamping.dk\\\/de\\\/#website\",\"url\":\"https:\\\/\\\/bjerregaardcamping.dk\\\/de\\\/\",\"name\":\"Bjerregaard Camping\",\"description\":\"Camping mellem hav og fjord\",\"potentialAction\":[{\"@type\":\"SearchAction\",\"target\":{\"@type\":\"EntryPoint\",\"urlTemplate\":\"https:\\\/\\\/bjerregaardcamping.dk\\\/de\\\/?s={search_term_string}\"},\"query-input\":{\"@type\":\"PropertyValueSpecification\",\"valueRequired\":true,\"valueName\":\"search_term_string\"}}],\"inLanguage\":\"de\"}]}<\/script>\n<!-- \/ Yoast SEO plugin. -->","yoast_head_json":{"title":"Kontakt | Bjerregaard Camping","description":"M\u00f6chten Sie mit Bjerregaard camping in Kontakt treten? Nehmen Sie \u00fcber diese Seite Kontakt mit uns auf und wir werden uns so schnell wie m\u00f6glich bei Ihnen melden.","robots":{"index":"index","follow":"follow","max-snippet":"max-snippet:-1","max-image-preview":"max-image-preview:large","max-video-preview":"max-video-preview:-1"},"canonical":"https:\/\/bjerregaardcamping.dk\/de\/kontakt\/","og_locale":"de_DE","og_type":"article","og_title":"Kontakt | Bjerregaard Camping","og_description":"M\u00f6chten Sie mit Bjerregaard camping in Kontakt treten? Nehmen Sie \u00fcber diese Seite Kontakt mit uns auf und wir werden uns so schnell wie m\u00f6glich bei Ihnen melden.","og_url":"https:\/\/bjerregaardcamping.dk\/de\/kontakt\/","og_site_name":"Bjerregaard Camping","article_publisher":"https:\/\/www.facebook.com\/Bjerregaardcamping\/","article_modified_time":"2025-04-11T09:15:29+00:00","og_image":[{"width":2000,"height":1500,"url":"https:\/\/bjerregaardcamping.dk\/wp-content\/uploads\/havet-med-skum-2-1280-x-960.jpg","type":"image\/jpeg"}],"twitter_card":"summary_large_image","schema":{"@context":"https:\/\/schema.org","@graph":[{"@type":"WebPage","@id":"https:\/\/bjerregaardcamping.dk\/de\/kontakt\/","url":"https:\/\/bjerregaardcamping.dk\/de\/kontakt\/","name":"Kontakt | Bjerregaard Camping","isPartOf":{"@id":"https:\/\/bjerregaardcamping.dk\/de\/#website"},"primaryImageOfPage":{"@id":"https:\/\/bjerregaardcamping.dk\/de\/kontakt\/#primaryimage"},"image":{"@id":"https:\/\/bjerregaardcamping.dk\/de\/kontakt\/#primaryimage"},"thumbnailUrl":"https:\/\/bjerregaardcamping.dk\/wp-content\/uploads\/havet-med-skum-2-1280-x-960.jpg","datePublished":"2025-01-12T13:54:25+00:00","dateModified":"2025-04-11T09:15:29+00:00","description":"M\u00f6chten Sie mit Bjerregaard camping in Kontakt treten? Nehmen Sie \u00fcber diese Seite Kontakt mit uns auf und wir werden uns so schnell wie m\u00f6glich bei Ihnen melden.","breadcrumb":{"@id":"https:\/\/bjerregaardcamping.dk\/de\/kontakt\/#breadcrumb"},"inLanguage":"de","potentialAction":[{"@type":"ReadAction","target":["https:\/\/bjerregaardcamping.dk\/de\/kontakt\/"]}]},{"@type":"ImageObject","inLanguage":"de","@id":"https:\/\/bjerregaardcamping.dk\/de\/kontakt\/#primaryimage","url":"https:\/\/bjerregaardcamping.dk\/wp-content\/uploads\/havet-med-skum-2-1280-x-960.jpg","contentUrl":"https:\/\/bjerregaardcamping.dk\/wp-content\/uploads\/havet-med-skum-2-1280-x-960.jpg","width":2000,"height":1500},{"@type":"BreadcrumbList","@id":"https:\/\/bjerregaardcamping.dk\/de\/kontakt\/#breadcrumb","itemListElement":[{"@type":"ListItem","position":1,"name":"Hjem","item":"https:\/\/bjerregaardcamping.dk\/de\/forside-2\/"},{"@type":"ListItem","position":2,"name":"Kontakt"}]},{"@type":"WebSite","@id":"https:\/\/bjerregaardcamping.dk\/de\/#website","url":"https:\/\/bjerregaardcamping.dk\/de\/","name":"Bjerregaard Camping","description":"Camping mellem hav og fjord","potentialAction":[{"@type":"SearchAction","target":{"@type":"EntryPoint","urlTemplate":"https:\/\/bjerregaardcamping.dk\/de\/?s={search_term_string}"},"query-input":{"@type":"PropertyValueSpecification","valueRequired":true,"valueName":"search_term_string"}}],"inLanguage":"de"}]}},"_links":{"self":[{"href":"https:\/\/bjerregaardcamping.dk\/de\/wp-json\/wp\/v2\/pages\/26484","targetHints":{"allow":["GET"]}}],"collection":[{"href":"https:\/\/bjerregaardcamping.dk\/de\/wp-json\/wp\/v2\/pages"}],"about":[{"href":"https:\/\/bjerregaardcamping.dk\/de\/wp-json\/wp\/v2\/types\/page"}],"author":[{"embeddable":true,"href":"https:\/\/bjerregaardcamping.dk\/de\/wp-json\/wp\/v2\/users\/2"}],"replies":[{"embeddable":true,"href":"https:\/\/bjerregaardcamping.dk\/de\/wp-json\/wp\/v2\/comments?post=26484"}],"version-history":[{"count":4,"href":"https:\/\/bjerregaardcamping.dk\/de\/wp-json\/wp\/v2\/pages\/26484\/revisions"}],"predecessor-version":[{"id":26681,"href":"https:\/\/bjerregaardcamping.dk\/de\/wp-json\/wp\/v2\/pages\/26484\/revisions\/26681"}],"wp:featuredmedia":[{"embeddable":true,"href":"https:\/\/bjerregaardcamping.dk\/de\/wp-json\/wp\/v2\/media\/25862"}],"wp:attachment":[{"href":"https:\/\/bjerregaardcamping.dk\/de\/wp-json\/wp\/v2\/media?parent=26484"}],"curies":[{"name":"wp","href":"https:\/\/api.w.org\/{rel}","templated":true}]}}