{"id":26500,"date":"2025-01-12T15:19:09","date_gmt":"2025-01-12T14:19:09","guid":{"rendered":"https:\/\/bjerregaardcamping.dk\/verhaltensregeln\/"},"modified":"2025-04-19T08:04:38","modified_gmt":"2025-04-19T06:04:38","slug":"ordensregler","status":"publish","type":"page","link":"https:\/\/bjerregaardcamping.dk\/de\/ordensregler\/","title":{"rendered":"Ordnungsregeln"},"content":{"rendered":"\t\t<div data-elementor-type=\"wp-page\" data-elementor-id=\"26500\" class=\"elementor elementor-26500 elementor-22228\" data-elementor-post-type=\"page\">\n\t\t\t\t<div class=\"elementor-element elementor-element-a9ad467 e-flex e-con-boxed e-con e-parent\" data-id=\"a9ad467\" data-element_type=\"container\" data-e-type=\"container\" data-settings=\"{&quot;background_background&quot;:&quot;classic&quot;}\">\n\t\t\t\t\t<div class=\"e-con-inner\">\n\t\t<div class=\"elementor-element elementor-element-06cafc1 e-con-full e-flex e-con e-child\" data-id=\"06cafc1\" data-element_type=\"container\" data-e-type=\"container\">\n\t\t\t\t<div class=\"elementor-element elementor-element-1094620 elementor-widget__width-inherit elementor-widget elementor-widget-heading\" data-id=\"1094620\" data-element_type=\"widget\" data-e-type=\"widget\" data-widget_type=\"heading.default\">\n\t\t\t\t<div class=\"elementor-widget-container\">\n\t\t\t\t\t<h2 class=\"elementor-heading-title elementor-size-default\">Ordnungsregeln<\/h2>\t\t\t\t<\/div>\n\t\t\t\t<\/div>\n\t\t\t\t<\/div>\n\t\t\t\t\t<\/div>\n\t\t\t\t<\/div>\n\t\t<div class=\"elementor-element elementor-element-3cb6833 e-flex e-con-boxed e-con e-parent\" data-id=\"3cb6833\" data-element_type=\"container\" data-e-type=\"container\">\n\t\t\t\t\t<div class=\"e-con-inner\">\n\t\t\t\t<div class=\"elementor-element elementor-element-5c48b64 elementor-widget elementor-widget-text-editor\" data-id=\"5c48b64\" data-element_type=\"widget\" data-e-type=\"widget\" data-widget_type=\"text-editor.default\">\n\t\t\t\t<div class=\"elementor-widget-container\">\n\t\t\t\t\t\t\t\t\t<h3><strong>ORDNUNGSREGELN BJERREGAARD CAMPING<\/strong><\/h3><p>Die Betreuer des Camps sind f\u00fcr die Aufrechterhaltung der Ordnung verantwortlich und stehen bei Problemen zur Verf\u00fcgung. Den Anweisungen der Lagerleitung ist stets Folge zu leisten. <\/p><p><strong>Der Stellplatz<\/strong><\/p><ul><li>Wohnwagen, Wohnmobile, Zelte usw. m\u00fcssen mindestens 1,50 m von der Grenze des Stellplatzes entfernt aufgestellt werden. <\/li><li>Auf dem Gel\u00e4nde der Einheit d\u00fcrfen weder Geb\u00e4ude noch freistehende Antennen, Fahnenmasten oder andere feste Strukturen errichtet werden.<ul><li>Das Aufstellen eines ca. 3 m\u00b2 gro\u00dfen Lagerzeltes ist nach Anweisung des Campleiters erlaubt.<\/li><li>Es d\u00fcrfen die handels\u00fcblichen Markisen errichtet werden - eine dar\u00fcber hinausgehende private Umz\u00e4unung des Grundst\u00fccks ist nicht gestattet.<\/li><\/ul><\/li><li>Der Raum der Einheit darf nicht so gestaltet sein, dass er dauerhaft einen individuellen Charakter hat.<\/li><li>Das Graben auf dem Campingplatz darf nur nach Absprache mit dem Campleiter erfolgen.<\/li><\/ul><p><strong> <\/strong><\/p><p><strong>Ruhe auf dem Platz<\/strong><\/p><p>Bitte nehmen Sie R\u00fccksicht auf andere Camper und beachten Sie, dass lautes Verhalten nicht erlaubt ist. Der Campingplatz muss zwischen 23:00 und 07:00 Uhr ruhig sein. <\/p><p><strong>Ihr Auto aufladen<\/strong><\/p><p>Um Pannen zu vermeiden, ist es nicht erlaubt, Autos auf dem Campingplatz aufzuladen. (Bei Zuwiderhandlung wird eine Zahlung von DKK 500,- f\u00e4llig). <\/p><p>Eine Ladestation befindet sich etwa 300 Meter vom Campingplatz entfernt (auf dem Parkplatz bei der Tankstelle s\u00fcdlich des Campingplatzes).<\/p><p><strong>Fahren<\/strong><\/p><p>W\u00e4hrend des Aufenthalts ist das Fahren auf das Notwendige zu beschr\u00e4nken, und dieses Notwendige muss immer im Schritttempo (unter 15 km\/h) erfolgen.<\/p><p><strong>Hunde<\/strong><\/p><p>Hunde m\u00fcssen an einer kurzen Leine gef\u00fchrt werden. Sie d\u00fcrfen keinen unn\u00f6tigen L\u00e4rm machen und ihr Kot muss entfernt werden. <\/p><p>Das <strong>Rauchen <\/strong>ist in ALLEN Geb\u00e4uden nicht gestattet. Bitte entsorgen Sie Zigaretten in den Aschenbechern. <\/p><p><strong>Windsurfen und Kitesurfen:<\/strong><\/p><p>Windsurfen und Kitesurfen sind nur von Pfingsten bis zum 1. September erlaubt.<\/p><p>Der gesamte Verkehr auf dem Fjord muss innerhalb der Markierungen bleiben.<\/p><p>Ein Versto\u00df gegen die Kennzeichnung f\u00fchrt zum Ausschluss. Im Zweifelsfall fragen Sie bitte an der Rezeption nach. <\/p><div> <\/div><p><strong>Lagerfeuer, Grill und Gasgrill:  <\/strong><\/p><p>Das Abbrennen von Lagerfeuern und die Verwendung von Grills usw. muss in \u00dcbereinstimmung mit der Durchf\u00fchrungsverordnung \u00fcber Brandschutzma\u00dfnahmen f\u00fcr das Abbrennen, die Verwendung von Feuer, Licht, W\u00e4rmequellen usw. erfolgen:<\/p><p><u>Lagerfeuer und Feuerstellen:  <\/u><\/p><ul><li>Das Abbrennen von Feuer und die Nutzung der Feuerstelle ist nur mit Genehmigung der Camp Manager gestattet. <\/li><li>Das Abbrennen von Lagerfeuern, Feuertonnen usw. auf dem Gel\u00e4nde der Einheit darf nur nach Genehmigung durch die Lagerleitung erfolgen und muss in sicherer Entfernung von brennbaren Fl\u00fcssigkeiten\/Stoffen erfolgen.<\/li><li>Beim Abbrennen von Lagerfeuern, Feuertonnen usw. muss sehr darauf geachtet werden, dass die Auswirkungen des Windes so gering wie m\u00f6glich gehalten werden, und es ist generell Vorsicht geboten, um die Brandgefahr zu verringern.<\/li><li>Achten Sie sowohl w\u00e4hrend als auch nach der Benutzung darauf, dass keine Brandgefahr durch die Benutzung besteht.<\/li><\/ul><p><u> <\/u><\/p><p><u>Barbecue und Gasgrill:<\/u><\/p><ul><li>Beim Anz\u00fcnden von Grills und Gasgrills muss darauf geachtet werden, dass die Auswirkungen des Windes so gering wie m\u00f6glich gehalten werden und generell Vorsicht geboten ist, um die Brandgefahr zu verringern.<\/li><li>Bei extremer Trockenheit kann die Benutzung von Barbecues und Gasgrills verboten werden. Dies wird gegebenenfalls durch eine gesonderte Beschilderung erfolgen. <\/li><li>Verwenden Sie den Grill und den Gasgrill in sicherer Entfernung von brennbaren Fl\u00fcssigkeiten\/Stoffen.<\/li><li>Achten Sie sowohl w\u00e4hrend als auch nach der Benutzung darauf, dass keine Brandgefahr durch die Benutzung besteht.<\/li><li>Gebrauchte Kohle, Briketts usw. m\u00fcssen in den daf\u00fcr vorgesehenen Container im Abfallsortierbereich an der Ostseite des Hauptgeb\u00e4udes gegeben werden und d\u00fcrfen <strong>nicht<\/strong> in der Natur oder unter anderen Abf\u00e4llen entsorgt werden.<\/li><li>Das Grillen auf der Grillterrasse ist unter Beachtung der oben genannten Regeln kostenlos m\u00f6glich.<\/li><\/ul><p><strong> <\/strong><\/p><p><strong>Standort der Feuerl\u00f6schger\u00e4te<\/strong><\/p><p>Auf dem gesamten Gel\u00e4nde befinden sich Handfeuerl\u00f6scher - die Standorte sind auf dem Gel\u00e4ndeplan eingezeichnet. Unsere G\u00e4ste werden gebeten, sich \u00fcber den Standort der n\u00e4chstgelegenen Feuerl\u00f6schger\u00e4te zu informieren. Die Feuerl\u00f6schger\u00e4te d\u00fcrfen nur im Falle eines Brandes benutzt werden.  <\/p><p><strong>Verantwortung<\/strong><\/p><p>Der Campingplatz und seine Eigent\u00fcmer (Campingleitung) \u00fcbernehmen keine Haftung f\u00fcr Sch\u00e4den oder den Verlust von Eigentum der Camper. Wer Geb\u00e4ude, Ausr\u00fcstungsgegenst\u00e4nde oder das Eigentum von Mitcampern besch\u00e4digt, kann nach den allgemeinen Regeln des Schadenersatzes haftbar gemacht werden. <\/p><p><strong>Verschiedenes:<\/strong><\/p><ul><li>Nehmen Sie R\u00fccksicht auf die Natur und die Umwelt - beide sind auf Ihren Schutz angewiesen.<\/li><li>Die Verwendung von Waffen und Feuerwerksk\u00f6rpern jeglicher Art ist auf dem Gel\u00e4nde verboten.<\/li><li>Der Handel auf dem Campingplatz ist nur nach Genehmigung durch den Campleiter erlaubt.<\/li><li>Gemeinsam genutzte Einrichtungen wie Toiletten, Waschr\u00e4ume, K\u00fcche usw. m\u00fcssen nach der Benutzung sauber und aufger\u00e4umt hinterlassen werden.<\/li><li>Die vor Ort bereitgestellten Abfallbeh\u00e4lter m\u00fcssen immer benutzt werden.<\/li><li>Ein Versto\u00df gegen die Regeln der Website kann zum Ausschluss f\u00fchren.<\/li><\/ul><p><strong> <\/strong><\/p><p><strong>Saisonstellpl\u00e4tze<\/strong><br>F\u00fcr Camper, die einen Saison-, Fr\u00fchjahrs- oder Herbststellplatzmietvertrag abgeschlossen haben, gelten genauere Regeln f\u00fcr die Mobilit\u00e4t der Wohnwagen, die Anordnung der Stellpl\u00e4tze usw.<\/p><p>Bei Fragen stehen Ihnen die Campleiter zur Verf\u00fcgung - bitte wenden Sie sich an die Rezeption oder an 97315044.<\/p><p><strong><u>Doktor:<\/u><\/strong><\/p><p>Wochentags zwischen 08:00-16:00 Uhr:<\/p><p>Hvide SandeTel.. 97 31 10 23<\/p><p>Nr. Nebel Tel. 75 28 80 22 <\/p><p>Au\u00dferhalb dieses Zeitrahmens:  <\/p><p>\u00c4rztlicher Bereitschaftsdienst Tel. 70 11 31 31.<\/p><p><strong> <u>Alarm:<\/u><\/strong><\/p><p><strong>Anrufe bei der Notrufzentrale - w\u00e4hlen Sie 112.<\/strong><\/p>\t\t\t\t\t\t\t\t<\/div>\n\t\t\t\t<\/div>\n\t\t\t\t\t<\/div>\n\t\t\t\t<\/div>\n\t\t\t\t<\/div>\n\t\t","protected":false},"excerpt":{"rendered":"<p>Ordnungsregeln ORDNUNGSREGELN BJERREGAARD CAMPING Die Betreuer des Camps sind f\u00fcr die Aufrechterhaltung der Ordnung verantwortlich und stehen bei Problemen zur [&hellip;]<\/p>\n","protected":false},"author":2,"featured_media":0,"parent":0,"menu_order":0,"comment_status":"closed","ping_status":"closed","template":"","meta":{"site-sidebar-layout":"default","site-content-layout":"","ast-site-content-layout":"default","site-content-style":"default","site-sidebar-style":"default","ast-global-header-display":"","ast-banner-title-visibility":"","ast-main-header-display":"","ast-hfb-above-header-display":"","ast-hfb-below-header-display":"","ast-hfb-mobile-header-display":"","site-post-title":"","ast-breadcrumbs-content":"","ast-featured-img":"","footer-sml-layout":"","ast-disable-related-posts":"","theme-transparent-header-meta":"","adv-header-id-meta":"","stick-header-meta":"","header-above-stick-meta":"","header-main-stick-meta":"","header-below-stick-meta":"","astra-migrate-meta-layouts":"default","ast-page-background-enabled":"default","ast-page-background-meta":{"desktop":{"background-color":"var(--ast-global-color-5)","background-image":"","background-repeat":"repeat","background-position":"center center","background-size":"auto","background-attachment":"scroll","background-type":"","background-media":"","overlay-type":"","overlay-color":"","overlay-opacity":"","overlay-gradient":""},"tablet":{"background-color":"","background-image":"","background-repeat":"repeat","background-position":"center center","background-size":"auto","background-attachment":"scroll","background-type":"","background-media":"","overlay-type":"","overlay-color":"","overlay-opacity":"","overlay-gradient":""},"mobile":{"background-color":"","background-image":"","background-repeat":"repeat","background-position":"center center","background-size":"auto","background-attachment":"scroll","background-type":"","background-media":"","overlay-type":"","overlay-color":"","overlay-opacity":"","overlay-gradient":""}},"ast-content-background-meta":{"desktop":{"background-color":"var(--ast-global-color-4)","background-image":"","background-repeat":"repeat","background-position":"center center","background-size":"auto","background-attachment":"scroll","background-type":"","background-media":"","overlay-type":"","overlay-color":"","overlay-opacity":"","overlay-gradient":""},"tablet":{"background-color":"var(--ast-global-color-4)","background-image":"","background-repeat":"repeat","background-position":"center center","background-size":"auto","background-attachment":"scroll","background-type":"","background-media":"","overlay-type":"","overlay-color":"","overlay-opacity":"","overlay-gradient":""},"mobile":{"background-color":"var(--ast-global-color-4)","background-image":"","background-repeat":"repeat","background-position":"center center","background-size":"auto","background-attachment":"scroll","background-type":"","background-media":"","overlay-type":"","overlay-color":"","overlay-opacity":"","overlay-gradient":""}},"footnotes":""},"class_list":["post-26500","page","type-page","status-publish","hentry"],"yoast_head":"<!-- This site is optimized with the Yoast SEO plugin v27.1.1 - https:\/\/yoast.com\/product\/yoast-seo-wordpress\/ -->\n<title>Ordnungsregeln | Bjerregaard Camping<\/title>\n<meta name=\"description\" content=\"Verschaffen Sie sich einen \u00dcberblick \u00fcber die Verhaltensregeln auf dem Campingplatz Bjerregaard - Richtlinien f\u00fcr ein sicheres und angenehmes Campingerlebnis f\u00fcr alle G\u00e4ste.\" \/>\n<meta name=\"robots\" content=\"index, follow, max-snippet:-1, max-image-preview:large, max-video-preview:-1\" \/>\n<link rel=\"canonical\" href=\"https:\/\/bjerregaardcamping.dk\/de\/ordensregler\/\" \/>\n<meta property=\"og:locale\" content=\"de_DE\" \/>\n<meta property=\"og:type\" content=\"article\" \/>\n<meta property=\"og:title\" content=\"Ordnungsregeln | Bjerregaard Camping\" \/>\n<meta property=\"og:description\" content=\"Verschaffen Sie sich einen \u00dcberblick \u00fcber die Verhaltensregeln auf dem Campingplatz Bjerregaard - Richtlinien f\u00fcr ein sicheres und angenehmes Campingerlebnis f\u00fcr alle G\u00e4ste.\" \/>\n<meta property=\"og:url\" content=\"https:\/\/bjerregaardcamping.dk\/de\/ordensregler\/\" \/>\n<meta property=\"og:site_name\" content=\"Bjerregaard Camping\" \/>\n<meta property=\"article:publisher\" content=\"https:\/\/www.facebook.com\/Bjerregaardcamping\/\" \/>\n<meta property=\"article:modified_time\" content=\"2025-04-19T06:04:38+00:00\" \/>\n<meta name=\"twitter:card\" content=\"summary_large_image\" \/>\n<meta name=\"twitter:label1\" content=\"Gesch\u00e4tzte Lesezeit\" \/>\n\t<meta name=\"twitter:data1\" content=\"4\u00a0Minuten\" \/>\n<script type=\"application\/ld+json\" class=\"yoast-schema-graph\">{\"@context\":\"https:\/\/schema.org\",\"@graph\":[{\"@type\":\"WebPage\",\"@id\":\"https:\/\/bjerregaardcamping.dk\/de\/ordensregler\/\",\"url\":\"https:\/\/bjerregaardcamping.dk\/de\/ordensregler\/\",\"name\":\"Ordnungsregeln | Bjerregaard Camping\",\"isPartOf\":{\"@id\":\"https:\/\/bjerregaardcamping.dk\/de\/#website\"},\"datePublished\":\"2025-01-12T14:19:09+00:00\",\"dateModified\":\"2025-04-19T06:04:38+00:00\",\"description\":\"Verschaffen Sie sich einen \u00dcberblick \u00fcber die Verhaltensregeln auf dem Campingplatz Bjerregaard - Richtlinien f\u00fcr ein sicheres und angenehmes Campingerlebnis f\u00fcr alle G\u00e4ste.\",\"breadcrumb\":{\"@id\":\"https:\/\/bjerregaardcamping.dk\/de\/ordensregler\/#breadcrumb\"},\"inLanguage\":\"de\",\"potentialAction\":[{\"@type\":\"ReadAction\",\"target\":[\"https:\/\/bjerregaardcamping.dk\/de\/ordensregler\/\"]}]},{\"@type\":\"BreadcrumbList\",\"@id\":\"https:\/\/bjerregaardcamping.dk\/de\/ordensregler\/#breadcrumb\",\"itemListElement\":[{\"@type\":\"ListItem\",\"position\":1,\"name\":\"Hjem\",\"item\":\"https:\/\/bjerregaardcamping.dk\/de\/forside-2\/\"},{\"@type\":\"ListItem\",\"position\":2,\"name\":\"Ordnungsregeln\"}]},{\"@type\":\"WebSite\",\"@id\":\"https:\/\/bjerregaardcamping.dk\/de\/#website\",\"url\":\"https:\/\/bjerregaardcamping.dk\/de\/\",\"name\":\"Bjerregaard Camping\",\"description\":\"Camping mellem hav og fjord\",\"potentialAction\":[{\"@type\":\"SearchAction\",\"target\":{\"@type\":\"EntryPoint\",\"urlTemplate\":\"https:\/\/bjerregaardcamping.dk\/de\/?s={search_term_string}\"},\"query-input\":{\"@type\":\"PropertyValueSpecification\",\"valueRequired\":true,\"valueName\":\"search_term_string\"}}],\"inLanguage\":\"de\"}]}<\/script>\n<!-- \/ Yoast SEO plugin. -->","yoast_head_json":{"title":"Ordnungsregeln | Bjerregaard Camping","description":"Verschaffen Sie sich einen \u00dcberblick \u00fcber die Verhaltensregeln auf dem Campingplatz Bjerregaard - Richtlinien f\u00fcr ein sicheres und angenehmes Campingerlebnis f\u00fcr alle G\u00e4ste.","robots":{"index":"index","follow":"follow","max-snippet":"max-snippet:-1","max-image-preview":"max-image-preview:large","max-video-preview":"max-video-preview:-1"},"canonical":"https:\/\/bjerregaardcamping.dk\/de\/ordensregler\/","og_locale":"de_DE","og_type":"article","og_title":"Ordnungsregeln | Bjerregaard Camping","og_description":"Verschaffen Sie sich einen \u00dcberblick \u00fcber die Verhaltensregeln auf dem Campingplatz Bjerregaard - Richtlinien f\u00fcr ein sicheres und angenehmes Campingerlebnis f\u00fcr alle G\u00e4ste.","og_url":"https:\/\/bjerregaardcamping.dk\/de\/ordensregler\/","og_site_name":"Bjerregaard Camping","article_publisher":"https:\/\/www.facebook.com\/Bjerregaardcamping\/","article_modified_time":"2025-04-19T06:04:38+00:00","twitter_card":"summary_large_image","twitter_misc":{"Gesch\u00e4tzte Lesezeit":"4\u00a0Minuten"},"schema":{"@context":"https:\/\/schema.org","@graph":[{"@type":"WebPage","@id":"https:\/\/bjerregaardcamping.dk\/de\/ordensregler\/","url":"https:\/\/bjerregaardcamping.dk\/de\/ordensregler\/","name":"Ordnungsregeln | Bjerregaard Camping","isPartOf":{"@id":"https:\/\/bjerregaardcamping.dk\/de\/#website"},"datePublished":"2025-01-12T14:19:09+00:00","dateModified":"2025-04-19T06:04:38+00:00","description":"Verschaffen Sie sich einen \u00dcberblick \u00fcber die Verhaltensregeln auf dem Campingplatz Bjerregaard - Richtlinien f\u00fcr ein sicheres und angenehmes Campingerlebnis f\u00fcr alle G\u00e4ste.","breadcrumb":{"@id":"https:\/\/bjerregaardcamping.dk\/de\/ordensregler\/#breadcrumb"},"inLanguage":"de","potentialAction":[{"@type":"ReadAction","target":["https:\/\/bjerregaardcamping.dk\/de\/ordensregler\/"]}]},{"@type":"BreadcrumbList","@id":"https:\/\/bjerregaardcamping.dk\/de\/ordensregler\/#breadcrumb","itemListElement":[{"@type":"ListItem","position":1,"name":"Hjem","item":"https:\/\/bjerregaardcamping.dk\/de\/forside-2\/"},{"@type":"ListItem","position":2,"name":"Ordnungsregeln"}]},{"@type":"WebSite","@id":"https:\/\/bjerregaardcamping.dk\/de\/#website","url":"https:\/\/bjerregaardcamping.dk\/de\/","name":"Bjerregaard Camping","description":"Camping mellem hav og fjord","potentialAction":[{"@type":"SearchAction","target":{"@type":"EntryPoint","urlTemplate":"https:\/\/bjerregaardcamping.dk\/de\/?s={search_term_string}"},"query-input":{"@type":"PropertyValueSpecification","valueRequired":true,"valueName":"search_term_string"}}],"inLanguage":"de"}]}},"_links":{"self":[{"href":"https:\/\/bjerregaardcamping.dk\/de\/wp-json\/wp\/v2\/pages\/26500","targetHints":{"allow":["GET"]}}],"collection":[{"href":"https:\/\/bjerregaardcamping.dk\/de\/wp-json\/wp\/v2\/pages"}],"about":[{"href":"https:\/\/bjerregaardcamping.dk\/de\/wp-json\/wp\/v2\/types\/page"}],"author":[{"embeddable":true,"href":"https:\/\/bjerregaardcamping.dk\/de\/wp-json\/wp\/v2\/users\/2"}],"replies":[{"embeddable":true,"href":"https:\/\/bjerregaardcamping.dk\/de\/wp-json\/wp\/v2\/comments?post=26500"}],"version-history":[{"count":5,"href":"https:\/\/bjerregaardcamping.dk\/de\/wp-json\/wp\/v2\/pages\/26500\/revisions"}],"predecessor-version":[{"id":26851,"href":"https:\/\/bjerregaardcamping.dk\/de\/wp-json\/wp\/v2\/pages\/26500\/revisions\/26851"}],"wp:attachment":[{"href":"https:\/\/bjerregaardcamping.dk\/de\/wp-json\/wp\/v2\/media?parent=26500"}],"curies":[{"name":"wp","href":"https:\/\/api.w.org\/{rel}","templated":true}]}}