{"id":26377,"date":"2016-08-11T12:44:12","date_gmt":"2016-08-11T10:44:12","guid":{"rendered":"https:\/\/bjerregaardcamping.dk\/cookie-and-privacy-policy\/"},"modified":"2025-04-11T09:55:01","modified_gmt":"2025-04-11T07:55:01","slug":"cookie-og-privatlivspolitik","status":"publish","type":"page","link":"https:\/\/bjerregaardcamping.dk\/en\/cookie-og-privatlivspolitik\/","title":{"rendered":"Cookie and privacy policy"},"content":{"rendered":"\t\t<div data-elementor-type=\"wp-page\" data-elementor-id=\"26377\" class=\"elementor elementor-26377\" data-elementor-post-type=\"page\">\n\t\t\t\t<div class=\"elementor-element elementor-element-4c8ab30 e-flex e-con-boxed e-con e-parent\" data-id=\"4c8ab30\" data-element_type=\"container\" data-e-type=\"container\" data-settings=\"{&quot;background_background&quot;:&quot;classic&quot;}\">\n\t\t\t\t\t<div class=\"e-con-inner\">\n\t\t<div class=\"elementor-element elementor-element-4ac8ee2 e-con-full e-flex e-con e-child\" data-id=\"4ac8ee2\" data-element_type=\"container\" data-e-type=\"container\">\n\t\t\t\t<div class=\"elementor-element elementor-element-786b098 elementor-widget__width-inherit elementor-widget elementor-widget-heading\" data-id=\"786b098\" data-element_type=\"widget\" data-e-type=\"widget\" data-widget_type=\"heading.default\">\n\t\t\t\t<div class=\"elementor-widget-container\">\n\t\t\t\t\t<h2 class=\"elementor-heading-title elementor-size-default\">Cookie<\/h2>\t\t\t\t<\/div>\n\t\t\t\t<\/div>\n\t\t\t\t<\/div>\n\t\t\t\t\t<\/div>\n\t\t\t\t<\/div>\n\t\t<div class=\"elementor-element elementor-element-0bc1692 e-flex e-con-boxed e-con e-parent\" data-id=\"0bc1692\" data-element_type=\"container\" data-e-type=\"container\">\n\t\t\t\t\t<div class=\"e-con-inner\">\n\t\t\t\t<div class=\"elementor-element elementor-element-baa724c elementor-widget elementor-widget-text-editor\" data-id=\"baa724c\" data-element_type=\"widget\" data-e-type=\"widget\" data-widget_type=\"text-editor.default\">\n\t\t\t\t<div class=\"elementor-widget-container\">\n\t\t\t\t\t\t\t\t\t<h1>  Cookie and privacy policy<\/h1><p><strong>Bjerregaard Camping<\/strong> collects statistics using cookies. If you choose not to disable cookies, <strong>Bjerregaard Camping<\/strong> considers it as your acceptance of our use of cookies <\/p><h2>Owner information<\/h2><p><strong>Bjerregaard Camping<\/strong><br>S\u00f8nder Klitvej 185<br>6960 6960 Hvide Sande<br> Phone: +45 97315044<br>Email: info@bjerregaardcamping.dk<\/p><hr><h2>What are cookies?<\/h2><p>A cookie is a small text file that is stored on your computer or similar in order to recognize it. There is no personal information stored in our cookies and they cannot contain viruses. <\/p><p>When you visit our websites, you automatically receive one or more cookies.<\/p><h3>How to delete or block cookies<\/h3><p><a href=\"http:\/\/minecookies.org\/cookiehandtering\" target=\"_blank\" rel=\"noopener\">http:\/\/minecookies.org\/cookiehandtering<\/a><\/p><h3>How long cookies are stored for<\/h3><p>The lifetime of the cookie can vary depending on what each provider has set it to. Some cookies disappear as soon as you close the browser window, others can exist for several years. Many providers typically apply 12 or 24 months lifetime to their advertising, statistics and content-related cookies. Note that the lifetime is extended after each visit, so it is, for example, 24 months from the last time you visited a website that cookies are stored on your computer.   <\/p><p><strong>You can delete cookies on your computer at any time.<\/strong><\/p><h3>How to avoid and delete cookies<\/h3><p>If you do not want to store cookies on your computer, you can get instructions on how to avoid receiving and deleting the cookies stored on your hard drive &#8211; in whole or in part.<\/p><p>How to delete your cookies:<\/p><ul><li><a title=\"Delete cookies in Internet Explorer\" href=\"http:\/\/support.microsoft.com\/kb\/278835\"><strong>Delete cookies in Internet Explorer<\/strong><\/a><\/li><li><a title=\"Delete cookies in Mozilla Firefox\" href=\"http:\/\/support.mozilla.org\/da\/kb\/Deleting%20cookies\"><strong>Delete cookies in Mozilla Firefox<\/strong><\/a><\/li><li><a title=\"Delete cookies in Google Chrome\" href=\"https:\/\/support.google.com\/chrome\/bin\/answer.py?hl=da&amp;answer=95647\"><strong>Delete cookies in Google Chrome<\/strong><\/a><\/li><li><a title=\"Delete cookies in Safari\" href=\"http:\/\/support.apple.com\/kb\/PH5049\"><strong>Delete cookies in Safari<\/strong><\/a><\/li><li><a title=\"Delete cookies in Opera\" href=\"http:\/\/help.opera.com\/Mac\/11.60\/en\/cookies.html\"><strong>Delete cookies in Opera<\/strong><\/a><\/li><li><strong><a title=\"How to delete cookies on iPad, iPhone or iPod Touch\" href=\"http:\/\/support.apple.com\/kb\/HT1677?viewlocale=da_DK&amp;locale=da_DK\">Delete cookies on iPad, iPhone or iPod touch<\/a><\/strong><\/li><li><a title=\"Delete cookies on Android mobile\" href=\"http:\/\/timeread.hubpages.com\/hub\/How-to-delete-internet-cookies-on-your-Droid-or-any-Android-device\"><strong>Delete cookies on Android mobile<\/strong><\/a> (in English)<\/li><li><a title=\"Delete cookies on Windows Phone 7\" href=\"http:\/\/www.wingadgetnews.com\/delete-internet-cookies-cache-browsing-history-windows-phone-7\/\"><strong>Delete cookies on Windos Phone 7<\/strong><\/a> (in English)<\/li><li><a title=\"Delete flash cookies\" href=\"http:\/\/www.macromedia.com\/support\/documentation\/en\/flashplayer\/help\/settings_manager07.html\"><strong>Delete flash cookies<\/strong><\/a> (applies to all browsers)<\/li><\/ul><p>If you are using a browser that is not listed above, you can find instructions in the help section of that browser.<\/p><h3>Purpose of cookies on our website:<\/h3><ul><li style=\"list-style-type: none;\"><ul><!--<\/p>\n<li>Teknisk funktionalitet, s\u00e5 vi kan huske dine indstillinger.<\/li>\n<p>--><li>Traffic measurement so that we know how many people visit our site and can document this to advertisers.<br>We use the analytics tool Google Analytics to compile statistics about users&#8217; movements on our website. Google Analytics processes the information on our behalf and does not disclose personally identifiable information about you and your movements on our website to third parties. All data is anonymized and cannot be linked to an individual user.<br>If you wish to opt out of cookies specifically from Google Analytics, you can do so here: <a href=\"https:\/\/tools.google.com\/dlpage\/gaoptout\">https:\/\/tools.google.com\/dlpage\/gaoptout<\/a>  <\/li><\/ul><\/li><\/ul><p><!--<\/p>\n<li>M\u00e5lretning af annoncering, s\u00e5 vi kan vise dig de annoncer vi tror er mest relevante og hvor ofte den samme annonce vises.<\/li>\n<p>--><\/p><p>The site uses cookies from the following third parties who have access to the cookies in question:<\/p><p><!--<\/p>\n<h4>Gemius webstatistik<\/h4>\n<p>Websites anvender cookies fra Gemius, der registrerer internetbrug p\u00e5 markedsniveau og p\u00e5 tv\u00e6rs af forskellige websites. M\u00e5lingen overholder al lovgivning p\u00e5 omr\u00e5det herunder persondataloven, ICC\/ESOMAR International Code of Marketing and Social Research Practice, og videregiver ikke oplysninger om de enkelte personers internetadf\u00e6rd men kun i samlet form. Se f.eks. fdim.dk\/statistik<\/p>\n<p>Gemius registrerer ikke personoplysninger, med mindre du selv udtrykkeligt giver tilladelse hertil, hvilket f.eks. sker i forbindelse med udfyldelse af sp\u00f8rgeskemaer.<\/p>\n<p>Du kan frav\u00e6lge at indg\u00e5 i Gemius m\u00e5lingen her: <a href=\"http:\/\/optout.hit.gemius.pl\/removeDK.php\" target=\"_blank\" rel=\"noopener\">http:\/\/optout.hit.gemius.pl\/removeDK.php<\/a><\/p>\n<p>Den dataansvarlige i forbindelse med Gemius cookies er Danske Medier Research, Skindergade 7, 1159 K\u00f8benhavn K. Databehandleren er Gemius S.A., Woloska 7, 02-675 Warszawa, Polen. Gemius Denmark ApS har adresse p\u00e5 Dampf\u00e6rgevej 3 st. th., 2100 K\u00f8benhavn \u00d8. Hvis du har sp\u00f8rgsm\u00e5l til behandlingen af oplysninger og data eller \u00f8nsker at udnytte dine rettigheder, kan du rette henvendelse til Gemius Denmark ApS.<\/p>\n<p>--><\/p><h4>Google Analytics<\/h4><p>The website uses cookies from Google Analytics to measure website traffic.<\/p><p>You can opt out of cookies from Google Analytics here: <a href=\"http:\/\/tools.google.com\/dlpage\/gaoptout\" target=\"_blank\" rel=\"noopener\">http:\/\/tools.google.com\/dlpage\/gaoptout<\/a><\/p><p><!--<\/p>\n<h4>Annoncenetv\u00e6rk<\/h4>\n<p>Websitet anvender f\u00f8lgende annoncenetv\u00e6rk:<\/p>\n<ul>\n<li>[INDS\u00c6T LISTE OVER ANNONCENETV\u00c6RK]<\/li>\n<\/ul>\n<p>--><\/p><h4>Use of personal data<\/h4><p>Personal data is never disclosed to third parties unless you explicitly consent to this, and we never collect personal data unless you have given us this information yourself by registration, purchase or participation in a survey, etc. We collect information about name, address, postal code, e-mail, gender, age, interests, opinions and knowledge of various topics.<\/p><p>Personal data is used to complete the purchase or service for which the data was collected. The information is also used to learn more about you and other users of the website. This use may include studies and analysis aimed at improving our products, services and technologies, as well as displaying content and advertisements tailored to your interests and hobbies.  <\/p><h5>Contact for personal data<\/h5><p>If you wish to access the information registered about you at <strong>Bjerregaard Camping<\/strong>, please contact info@bjerregaardcamping.dk or telephone +45 97315044. If incorrect data has been registered, or if you have other objections, you can contact the same place. You have the opportunity to gain insight into what information is registered about you, and you can object to a registration in accordance with the rules of the Personal Data Act.  <\/p><h5>Personal data protection<\/h5><p>According to the Personal Data Act, your personal information must be kept secure and confidential. We store your personal information on computers with limited access, located in controlled facilities, and our security measures are continuously monitored to determine whether our user information is handled securely, while still respecting your rights as a user. However, we cannot guarantee 100 percent security for data transfers over the internet. This means that there may be a risk of others gaining unauthorized access to information when data is sent and stored electronically. You therefore provide your personal data at your own risk.    <\/p><p>The rapid development of the internet means that changes in our processing of personal data may become necessary. We therefore reserve the right to update and change these guidelines for the processing of personal data. <\/p><p>If we do, we will of course correct the &#8220;last updated&#8221; date at the bottom of the page. In case of significant changes, we will notify you in the form of a visible notice on our websites. <\/p><p>To the extent that personal data is processed about you, you have the right, according to the Personal Data Act, to be informed of which personal data can be attributed to you. If it turns out that the information or data processed about you is incorrect or misleading, you have the right to demand that it be corrected, deleted or blocked. You may at any time object to information about you being processed. You can also revoke your consent at any time. You have the right to complain about the processing of information and data concerning you. Complaints are filed with the Danish Data Protection Agency, cf. section 58(1) of the Personal Data Act.     <\/p>\t\t\t\t\t\t\t\t<\/div>\n\t\t\t\t<\/div>\n\t\t\t\t\t<\/div>\n\t\t\t\t<\/div>\n\t\t\t\t<\/div>\n\t\t","protected":false},"excerpt":{"rendered":"<p>Cookie and Privacy Policy<\/p>\n","protected":false},"author":2,"featured_media":0,"parent":0,"menu_order":0,"comment_status":"closed","ping_status":"closed","template":"","meta":{"site-sidebar-layout":"default","site-content-layout":"","ast-site-content-layout":"default","site-content-style":"default","site-sidebar-style":"default","ast-global-header-display":"","ast-banner-title-visibility":"","ast-main-header-display":"","ast-hfb-above-header-display":"","ast-hfb-below-header-display":"","ast-hfb-mobile-header-display":"","site-post-title":"","ast-breadcrumbs-content":"","ast-featured-img":"","footer-sml-layout":"","ast-disable-related-posts":"","theme-transparent-header-meta":"","adv-header-id-meta":"","stick-header-meta":"","header-above-stick-meta":"","header-main-stick-meta":"","header-below-stick-meta":"","astra-migrate-meta-layouts":"default","ast-page-background-enabled":"default","ast-page-background-meta":{"desktop":{"background-color":"var(--ast-global-color-5)","background-image":"","background-repeat":"repeat","background-position":"center center","background-size":"auto","background-attachment":"scroll","background-type":"","background-media":"","overlay-type":"","overlay-color":"","overlay-opacity":"","overlay-gradient":""},"tablet":{"background-color":"","background-image":"","background-repeat":"repeat","background-position":"center center","background-size":"auto","background-attachment":"scroll","background-type":"","background-media":"","overlay-type":"","overlay-color":"","overlay-opacity":"","overlay-gradient":""},"mobile":{"background-color":"","background-image":"","background-repeat":"repeat","background-position":"center center","background-size":"auto","background-attachment":"scroll","background-type":"","background-media":"","overlay-type":"","overlay-color":"","overlay-opacity":"","overlay-gradient":""}},"ast-content-background-meta":{"desktop":{"background-color":"var(--ast-global-color-4)","background-image":"","background-repeat":"repeat","background-position":"center center","background-size":"auto","background-attachment":"scroll","background-type":"","background-media":"","overlay-type":"","overlay-color":"","overlay-opacity":"","overlay-gradient":""},"tablet":{"background-color":"var(--ast-global-color-4)","background-image":"","background-repeat":"repeat","background-position":"center center","background-size":"auto","background-attachment":"scroll","background-type":"","background-media":"","overlay-type":"","overlay-color":"","overlay-opacity":"","overlay-gradient":""},"mobile":{"background-color":"var(--ast-global-color-4)","background-image":"","background-repeat":"repeat","background-position":"center center","background-size":"auto","background-attachment":"scroll","background-type":"","background-media":"","overlay-type":"","overlay-color":"","overlay-opacity":"","overlay-gradient":""}},"footnotes":""},"class_list":["post-26377","page","type-page","status-publish","hentry"],"yoast_head":"<!-- This site is optimized with the Yoast SEO plugin v27.3 - https:\/\/yoast.com\/product\/yoast-seo-wordpress\/ -->\n<title>Cookie and privacy policy | Bjerregaard Camping<\/title>\n<meta name=\"description\" content=\"Cookie and privacy policy - Here you can read about how we process your personal data and about the use of cookies.\" \/>\n<meta name=\"robots\" content=\"index, follow, max-snippet:-1, max-image-preview:large, max-video-preview:-1\" \/>\n<link rel=\"canonical\" href=\"https:\/\/bjerregaardcamping.dk\/en\/cookie-og-privatlivspolitik\/\" \/>\n<meta property=\"og:locale\" content=\"en_US\" \/>\n<meta property=\"og:type\" content=\"article\" \/>\n<meta property=\"og:title\" content=\"Cookie and privacy policy | Bjerregaard Camping\" \/>\n<meta property=\"og:description\" content=\"Cookie and privacy policy - Here you can read about how we process your personal data and about the use of cookies.\" \/>\n<meta property=\"og:url\" content=\"https:\/\/bjerregaardcamping.dk\/en\/cookie-og-privatlivspolitik\/\" \/>\n<meta property=\"og:site_name\" content=\"Bjerregaard Camping\" \/>\n<meta property=\"article:publisher\" content=\"https:\/\/www.facebook.com\/Bjerregaardcamping\/\" \/>\n<meta property=\"article:modified_time\" content=\"2025-04-11T07:55:01+00:00\" \/>\n<meta name=\"twitter:card\" content=\"summary_large_image\" \/>\n<meta name=\"twitter:label1\" content=\"Est. reading time\" \/>\n\t<meta name=\"twitter:data1\" content=\"5 minutes\" \/>\n<script type=\"application\/ld+json\" class=\"yoast-schema-graph\">{\"@context\":\"https:\\\/\\\/schema.org\",\"@graph\":[{\"@type\":\"WebPage\",\"@id\":\"https:\\\/\\\/bjerregaardcamping.dk\\\/en\\\/cookie-og-privatlivspolitik\\\/\",\"url\":\"https:\\\/\\\/bjerregaardcamping.dk\\\/en\\\/cookie-og-privatlivspolitik\\\/\",\"name\":\"Cookie and privacy policy | Bjerregaard Camping\",\"isPartOf\":{\"@id\":\"https:\\\/\\\/bjerregaardcamping.dk\\\/en\\\/#website\"},\"datePublished\":\"2016-08-11T10:44:12+00:00\",\"dateModified\":\"2025-04-11T07:55:01+00:00\",\"description\":\"Cookie and privacy policy - Here you can read about how we process your personal data and about the use of cookies.\",\"breadcrumb\":{\"@id\":\"https:\\\/\\\/bjerregaardcamping.dk\\\/en\\\/cookie-og-privatlivspolitik\\\/#breadcrumb\"},\"inLanguage\":\"en-US\",\"potentialAction\":[{\"@type\":\"ReadAction\",\"target\":[\"https:\\\/\\\/bjerregaardcamping.dk\\\/en\\\/cookie-og-privatlivspolitik\\\/\"]}]},{\"@type\":\"BreadcrumbList\",\"@id\":\"https:\\\/\\\/bjerregaardcamping.dk\\\/en\\\/cookie-og-privatlivspolitik\\\/#breadcrumb\",\"itemListElement\":[{\"@type\":\"ListItem\",\"position\":1,\"name\":\"Hjem\",\"item\":\"https:\\\/\\\/bjerregaardcamping.dk\\\/en\\\/forside-2\\\/\"},{\"@type\":\"ListItem\",\"position\":2,\"name\":\"Cookie and privacy policy\"}]},{\"@type\":\"WebSite\",\"@id\":\"https:\\\/\\\/bjerregaardcamping.dk\\\/en\\\/#website\",\"url\":\"https:\\\/\\\/bjerregaardcamping.dk\\\/en\\\/\",\"name\":\"Bjerregaard Camping\",\"description\":\"Camping mellem hav og fjord\",\"potentialAction\":[{\"@type\":\"SearchAction\",\"target\":{\"@type\":\"EntryPoint\",\"urlTemplate\":\"https:\\\/\\\/bjerregaardcamping.dk\\\/en\\\/?s={search_term_string}\"},\"query-input\":{\"@type\":\"PropertyValueSpecification\",\"valueRequired\":true,\"valueName\":\"search_term_string\"}}],\"inLanguage\":\"en-US\"}]}<\/script>\n<!-- \/ Yoast SEO plugin. -->","yoast_head_json":{"title":"Cookie and privacy policy | Bjerregaard Camping","description":"Cookie and privacy policy - Here you can read about how we process your personal data and about the use of cookies.","robots":{"index":"index","follow":"follow","max-snippet":"max-snippet:-1","max-image-preview":"max-image-preview:large","max-video-preview":"max-video-preview:-1"},"canonical":"https:\/\/bjerregaardcamping.dk\/en\/cookie-og-privatlivspolitik\/","og_locale":"en_US","og_type":"article","og_title":"Cookie and privacy policy | Bjerregaard Camping","og_description":"Cookie and privacy policy - Here you can read about how we process your personal data and about the use of cookies.","og_url":"https:\/\/bjerregaardcamping.dk\/en\/cookie-og-privatlivspolitik\/","og_site_name":"Bjerregaard Camping","article_publisher":"https:\/\/www.facebook.com\/Bjerregaardcamping\/","article_modified_time":"2025-04-11T07:55:01+00:00","twitter_card":"summary_large_image","twitter_misc":{"Est. reading time":"5 minutes"},"schema":{"@context":"https:\/\/schema.org","@graph":[{"@type":"WebPage","@id":"https:\/\/bjerregaardcamping.dk\/en\/cookie-og-privatlivspolitik\/","url":"https:\/\/bjerregaardcamping.dk\/en\/cookie-og-privatlivspolitik\/","name":"Cookie and privacy policy | Bjerregaard Camping","isPartOf":{"@id":"https:\/\/bjerregaardcamping.dk\/en\/#website"},"datePublished":"2016-08-11T10:44:12+00:00","dateModified":"2025-04-11T07:55:01+00:00","description":"Cookie and privacy policy - Here you can read about how we process your personal data and about the use of cookies.","breadcrumb":{"@id":"https:\/\/bjerregaardcamping.dk\/en\/cookie-og-privatlivspolitik\/#breadcrumb"},"inLanguage":"en-US","potentialAction":[{"@type":"ReadAction","target":["https:\/\/bjerregaardcamping.dk\/en\/cookie-og-privatlivspolitik\/"]}]},{"@type":"BreadcrumbList","@id":"https:\/\/bjerregaardcamping.dk\/en\/cookie-og-privatlivspolitik\/#breadcrumb","itemListElement":[{"@type":"ListItem","position":1,"name":"Hjem","item":"https:\/\/bjerregaardcamping.dk\/en\/forside-2\/"},{"@type":"ListItem","position":2,"name":"Cookie and privacy policy"}]},{"@type":"WebSite","@id":"https:\/\/bjerregaardcamping.dk\/en\/#website","url":"https:\/\/bjerregaardcamping.dk\/en\/","name":"Bjerregaard Camping","description":"Camping mellem hav og fjord","potentialAction":[{"@type":"SearchAction","target":{"@type":"EntryPoint","urlTemplate":"https:\/\/bjerregaardcamping.dk\/en\/?s={search_term_string}"},"query-input":{"@type":"PropertyValueSpecification","valueRequired":true,"valueName":"search_term_string"}}],"inLanguage":"en-US"}]}},"_links":{"self":[{"href":"https:\/\/bjerregaardcamping.dk\/en\/wp-json\/wp\/v2\/pages\/26377","targetHints":{"allow":["GET"]}}],"collection":[{"href":"https:\/\/bjerregaardcamping.dk\/en\/wp-json\/wp\/v2\/pages"}],"about":[{"href":"https:\/\/bjerregaardcamping.dk\/en\/wp-json\/wp\/v2\/types\/page"}],"author":[{"embeddable":true,"href":"https:\/\/bjerregaardcamping.dk\/en\/wp-json\/wp\/v2\/users\/2"}],"replies":[{"embeddable":true,"href":"https:\/\/bjerregaardcamping.dk\/en\/wp-json\/wp\/v2\/comments?post=26377"}],"version-history":[{"count":1,"href":"https:\/\/bjerregaardcamping.dk\/en\/wp-json\/wp\/v2\/pages\/26377\/revisions"}],"predecessor-version":[{"id":26380,"href":"https:\/\/bjerregaardcamping.dk\/en\/wp-json\/wp\/v2\/pages\/26377\/revisions\/26380"}],"wp:attachment":[{"href":"https:\/\/bjerregaardcamping.dk\/en\/wp-json\/wp\/v2\/media?parent=26377"}],"curies":[{"name":"wp","href":"https:\/\/api.w.org\/{rel}","templated":true}]}}